{"id":458,"date":"2019-04-11T10:30:19","date_gmt":"2019-04-11T08:30:19","guid":{"rendered":"http:\/\/www.eazybbq.com\/aviso-legal\/"},"modified":"2019-11-06T12:35:52","modified_gmt":"2019-11-06T11:35:52","slug":"avis-legal","status":"publish","type":"page","link":"https:\/\/www.eazybbq.com\/fr\/avis-legal\/","title":{"rendered":"Avis l\u00e9gal, Confidentialit\u00e9 et Vie priv\u00e9e"},"content":{"rendered":"\n<style type=\"text\/css\" data-created_by=\"avia_inline_auto\" id=\"style-css-av-av_one_full-25347b0a799d5b9f7058434b2a9c3182\">\n.flex_column.av-av_one_full-25347b0a799d5b9f7058434b2a9c3182{\nborder-radius:0px 0px 0px 0px;\npadding:0px 0px 0px 0px;\n}\n<\/style>\n<div  class='flex_column av-av_one_full-25347b0a799d5b9f7058434b2a9c3182 av_one_full  avia-builder-el-0  avia-builder-el-no-sibling  first flex_column_div av-zero-column-padding  '     ><section  class='av_textblock_section av-jwgdidxx-ac069f3ae14c32118d799bbc50df2faf '   itemscope=\"itemscope\" itemtype=\"https:\/\/schema.org\/CreativeWork\" ><div class='avia_textblock'  itemprop=\"text\" ><p><strong>1 &#8211; MENTIONS L\u00c9GALES<\/strong><\/p>\n<p>Ce site web est la propri\u00e9t\u00e9 de ONLYDETAILS, S.L. avec le num\u00e9ro de CIF B93328870 et adresse \u00e0 Poligono Industrial La Campana, Nave 39 &#8211; 29660 Marbella (Malaga) &#8211; Espagne et enregistr\u00e9 au Registre Mercantil de Malaga avec les donn\u00e9es suivantes Volume 5272, folio 167, inscription 1, feuille MA-123015.<\/p>\n<p>Si vous avez des questions ou des suggestions, n&rsquo;h\u00e9sitez pas \u00e0 nous contacter \u00e0 : info@eazybbq.com<\/p>\n<p>Ce site Web est r\u00e9gi par la r\u00e9glementation exclusivement applicable en Espagne, de m\u00eame que les utilisateurs nationaux et \u00e9trangers de ce site Web.<\/p>\n<p>L&rsquo;acc\u00e8s \u00e0 notre site Web par l&rsquo;UTILISATEUR est gratuit et soumis \u00e0 la lecture pr\u00e9alable et \u00e0 l&rsquo;acceptation pleine et enti\u00e8re, expresse et sans r\u00e9serve des pr\u00e9sentes CONDITIONS GENERALES D&rsquo;UTILISATION en vigueur au moment de l&rsquo;acc\u00e8s, que nous vous demandons de lire attentivement. L&rsquo;UTILISATEUR, en utilisant notre portail, ses contenus ou services, accepte et se soumet express\u00e9ment aux conditions g\u00e9n\u00e9rales d&rsquo;utilisation de ces derniers. Si l&rsquo;utilisateur n&rsquo;est pas d&rsquo;accord avec ces conditions d&rsquo;utilisation, il doit s&rsquo;abstenir d&rsquo;utiliser ce portail.<\/p>\n<p>Nous pouvons \u00e0 tout moment modifier la pr\u00e9sentation et la configuration de notre site Web, \u00e9tendre ou r\u00e9duire les services, et m\u00eame le supprimer du r\u00e9seau, ainsi que les services et contenus fournis, le tout unilat\u00e9ralement et sans pr\u00e9avis.<\/p>\n<p><strong>1.1 &#8211; PROPRI\u00c9T\u00c9 INTELLECTUELLE<\/strong><\/p>\n<p>Tous les contenus, textes, images, marques et codes sources sont notre propri\u00e9t\u00e9 ou celle de tiers aupr\u00e8s desquels leurs droits d&rsquo;exploitation ont \u00e9t\u00e9 acquis et sont prot\u00e9g\u00e9s par des droits de propri\u00e9t\u00e9 intellectuelle et industrielle.<\/p>\n<p>L&rsquo;utilisateur n&rsquo;a droit qu&rsquo;\u00e0 un usage priv\u00e9, sans but lucratif, et a besoin d&rsquo;une autorisation expresse pour les modifier, les reproduire, les exploiter, les distribuer ou exercer tout droit appartenant \u00e0 leur propri\u00e9taire.<\/p>\n<p><strong>1.2 &#8211; CONDITIONS D&rsquo;ACC\u00c8S<\/strong><\/p>\n<p>L&rsquo;acc\u00e8s \u00e0 notre site Web est gratuit et ne n\u00e9cessite aucune inscription pr\u00e9alable.<\/p>\n<p>L&rsquo;envoi de donn\u00e9es personnelles implique l&rsquo;acceptation expresse par l&rsquo;UTILISATEUR de notre politique de confidentialit\u00e9.<\/p>\n<p>L&rsquo;utilisateur doit acc\u00e9der \u00e0 notre site Web de bonne foi, conform\u00e9ment aux r\u00e8gles de l&rsquo;ordre public et aux pr\u00e9sentes conditions d&rsquo;utilisation. L&rsquo;acc\u00e8s \u00e0 notre site est sous la seule responsabilit\u00e9 de l&rsquo;utilisateur, qui sera en tout \u00e9tat de cause responsable de tout dommage caus\u00e9 \u00e0 des tiers ou \u00e0 nous-m\u00eames.<\/p>\n<p>Compte tenu de l&rsquo;impossibilit\u00e9 de contr\u00f4ler les informations, les contenus et les services d&rsquo;autres sites Web auxquels il est possible d&rsquo;acc\u00e9der par les liens que notre site Web peut mettre \u00e0 disposition, nous vous informons que nous ne sommes pas responsables des dommages de toute nature qui pourraient r\u00e9sulter de l&rsquo;utilisation de ces sites, \u00e9trangers \u00e0 notre soci\u00e9t\u00e9, par l&rsquo;utilisateur.<\/p>\n<p><strong>2 &#8211; POLITIQUE DE CONFIDENTIALIT\u00c9<\/strong><\/p>\n<p>La confidentialit\u00e9 et la s\u00e9curit\u00e9 sont des valeurs fondamentales d&rsquo;ONLYDETAILS, S.L. et, par cons\u00e9quent, nous assumons l&rsquo;engagement de garantir la confidentialit\u00e9 de l&rsquo;utilisateur \u00e0 tout moment et de ne pas collecter des informations inutiles. Nous vous fournissons ensuite toutes les informations n\u00e9cessaires sur notre politique de confidentialit\u00e9 en ce qui concerne les donn\u00e9es personnelles que nous recueillons, en vous les expliquant :<\/p>\n<p>&#8211; Qui est responsable du traitement de vos donn\u00e9es.<\/p>\n<p>&#8211; \u00c0 quelles fins nous recueillons les donn\u00e9es que nous demandons.<\/p>\n<p>&#8211; Quelle est la l\u00e9gitimit\u00e9 de son traitement.<\/p>\n<p>&#8211; Combien de temps nous les gardons.<\/p>\n<p>&#8211; A quels destinataires vos donn\u00e9es sont communiqu\u00e9es.<\/p>\n<p>&#8211; Quels sont vos droits ?<\/p>\n<p><strong>RESPONSABLE <\/strong>: voir les donn\u00e9es dans l&rsquo;en-t\u00eate.<\/p>\n<p><strong>OBJECTIF, LEGITATION ET CONSERVATION<\/strong> du traitement des donn\u00e9es transmises :<\/p>\n<p><strong>Formulaire de contact<\/strong>.<\/p>\n<p>&#8211; Objet : Vous fournir un moyen par lequel vous pouvez nous contacter et r\u00e9pondre \u00e0 vos demandes d&rsquo;information, ainsi que vous envoyer des communications sur nos produits, services et activit\u00e9s, y compris par des moyens \u00e9lectroniques (e-mail), si vous cochez la case d&rsquo;acceptation.<\/p>\n<p>&#8211; L\u00e9gitimation : Le consentement de l&rsquo;utilisateur lorsqu&rsquo;il nous demande des informations par le biais de notre formulaire de contact et en cochant la case d&rsquo;acceptation de l&rsquo;envoi d&rsquo;informations.<\/p>\n<p>&#8211; Conservation : Une fois que votre demande a \u00e9t\u00e9 r\u00e9solue au moyen de notre formulaire ou a re\u00e7u une r\u00e9ponse par e-mail, si elle n&rsquo;a pas g\u00e9n\u00e9r\u00e9 une nouvelle action, et si vous avez accept\u00e9 de recevoir des envois commerciaux, jusqu&rsquo;\u00e0 ce que vous demandiez leur annulation.<\/p>\n<p><strong>Envoi de courriels.<\/strong><\/p>\n<p>&#8211; Objet : R\u00e9pondre \u00e0 vos demandes d&rsquo;information, r\u00e9pondre \u00e0 vos demandes et r\u00e9pondre \u00e0 vos questions ou doutes. Si nous recevons votre Curriculum Vitae, vos donn\u00e9es personnelles peuvent faire partie de nos bases de donn\u00e9es afin de participer \u00e0 nos processus de s\u00e9lection pr\u00e9sents et futurs.<\/p>\n<p>&#8211; L\u00e9gitimation : Le consentement de l&rsquo;utilisateur lorsqu&rsquo;il nous demande des informations via son adresse e-mail ou lorsqu&rsquo;il nous envoie ses donn\u00e9es et son CV pour participer \u00e0 nos processus de s\u00e9lection.<\/p>\n<p>&#8211; Conservation : Une fois que votre demande a re\u00e7u une r\u00e9ponse par e-mail, si elle n&rsquo;a pas g\u00e9n\u00e9r\u00e9 une nouvelle action. Si nous recevons votre CV, vos donn\u00e9es pourront \u00eatre conserv\u00e9es pendant un an au maximum pour les processus de s\u00e9lection ult\u00e9rieurs.<\/p>\n<p><strong>Obligation de nous fournir vos donn\u00e9es personnelles et cons\u00e9quences si vous ne le faites pas.<\/strong><\/p>\n<p>Les donn\u00e9es personnelles demand\u00e9es sont n\u00e9cessaires pour traiter vos demandes, vous enregistrer en tant qu&rsquo;utilisateur et\/ou vous fournir les services que vous pouvez contracter, donc si vous ne nous les fournissez pas, nous ne serons pas en mesure de vous r\u00e9pondre correctement ou de vous fournir le service que vous avez demand\u00e9.<\/p>\n<p>Dans tous les cas, nous nous r\u00e9servons le droit de d\u00e9cider d&rsquo;inclure ou non vos donn\u00e9es personnelles et autres informations dans nos bases de donn\u00e9es.<\/p>\n<p><strong>4 &#8211; DESTINATAIRES DE VOS DONN\u00c9ES.<\/strong><\/p>\n<p>Vos donn\u00e9es sont confidentielles et ne seront pas transmises \u00e0 des tiers, \u00e0 moins qu&rsquo;il n&rsquo;y ait une obligation l\u00e9gale de le faire.<\/p>\n<p><strong>5 &#8211; DROITS RELATIFS \u00c0 VOS DONN\u00c9ES PERSONNELLES.<\/strong><\/p>\n<p>Toute personne peut retirer son consentement \u00e0 tout moment, lorsqu&rsquo;il a \u00e9t\u00e9 donn\u00e9 pour le traitement de ses donn\u00e9es. En aucun cas, le retrait de ce consentement ne conditionne l&rsquo;ex\u00e9cution du contrat d&rsquo;abonnement ou des relations g\u00e9n\u00e9r\u00e9es pr\u00e9c\u00e9demment.<\/p>\n<p>Vous pouvez \u00e9galement exercer les droits suivants :<\/p>\n<p>&#8211; Demander l&rsquo;acc\u00e8s ou la rectification de vos donn\u00e9es personnelles lorsqu&rsquo;elles sont inexactes.<\/p>\n<p>&#8211; Demander son effacement lorsque, entre autres raisons, les donn\u00e9es ne sont plus n\u00e9cessaires \u00a0aux fins pour lesquelles elles ont \u00e9t\u00e9 collect\u00e9es.<\/p>\n<p>&#8211; Demander la limitation de son traitement dans certaines circonstances.<\/p>\n<p>&#8211; Demander l&rsquo;opposition au traitement de vos donn\u00e9es pour des raisons li\u00e9es \u00e0 votre situation particuli\u00e8re.<\/p>\n<p>&#8211; Demander la portabilit\u00e9 des donn\u00e9es dans les cas pr\u00e9vus par la r\u00e9glementation.<\/p>\n<p>&#8211; Autres droits reconnus par la r\u00e9glementation en vigueur.<\/p>\n<p>O\u00f9 et comment demander vos droits :<\/p>\n<p>Au moyen d&rsquo;une lettre adress\u00e9e au responsable \u00e0 notre adresse postale ou \u00e9lectronique (indiqu\u00e9e dans la section A), indiquant la r\u00e9f\u00e9rence \u00ab\u00a0Donn\u00e9es personnelles\u00a0\u00bb, pr\u00e9cisant le droit que vous souhaitez exercer et \u00e0 l&rsquo;\u00e9gard de quelles donn\u00e9es personnelles.<\/p>\n<p>En cas de d\u00e9saccord avec l&rsquo;entreprise concernant le traitement de vos donn\u00e9es, vous pouvez d\u00e9poser une plainte aupr\u00e8s de l&rsquo;Agence de Protection des Donn\u00e9es (<a href=\"https:\/\/www.agpd.es\" target=\"_blank\" rel=\"noopener\">www.agpd.es<\/a>).<\/p>\n<p><strong>6 &#8211; S\u00c9CURIT\u00c9 DE VOS DONN\u00c9ES PERSONNELLES<\/strong><\/p>\n<p>Dans le but de garantir la s\u00e9curit\u00e9 de vos donn\u00e9es personnelles, nous vous informons que nous avons pris toutes les mesures techniques et organisationnelles n\u00e9cessaires pour assurer la s\u00e9curit\u00e9 des donn\u00e9es personnelles fournies contre la modification, la perte et l&rsquo;acc\u00e8s ou le traitement non autoris\u00e9.<\/p>\n<p><strong>7 &#8211; MISE \u00c0 JOUR DE VOS DONN\u00c9ES<\/strong><\/p>\n<p>Il est important que, pour que nous puissions tenir \u00e0 jour vos donn\u00e9es personnelles, vous nous informiez chaque fois qu&rsquo;il y a eu un changement, sinon nous ne sommes pas responsables de la v\u00e9racit\u00e9 de ces donn\u00e9es.<\/p>\n<p>Nous ne sommes pas responsables de la politique de confidentialit\u00e9 en ce qui concerne les donn\u00e9es personnelles que vous pouvez fournir \u00e0 des tiers par le biais des liens disponibles sur notre site.<\/p>\n<p>La pr\u00e9sente Politique de Confidentialit\u00e9 peut \u00eatre modifi\u00e9e pour les adapter aux changements qui se produisent sur notre Web, ainsi qu&rsquo;aux modifications l\u00e9gislatives ou jurisprudentielles sur les donn\u00e9es personnelles qui apparaissent, raison pour laquelle il exige sa lecture, chaque fois que vous nous facilitez vos donn\u00e9es \u00e0 travers ce Web.<\/p>\n<p><strong>8 &#8211; RESPONSABILIT\u00c9S<\/strong><\/p>\n<p>En mettant ce site Web \u00e0 la disposition de l&rsquo;utilisateur, nous souhaitons offrir un service de qualit\u00e9, en faisant preuve de la plus grande diligence dans la fourniture de celui-ci, ainsi que dans les moyens technologiques utilis\u00e9s. Cependant, nous ne serons pas responsables de la pr\u00e9sence de virus ou d&rsquo;autres \u00e9l\u00e9ments qui pourraient endommager de quelque fa\u00e7on que ce soit le syst\u00e8me informatique de l&rsquo;utilisateur.<\/p>\n<p>Nous ne garantissons pas que la disponibilit\u00e9 du service sera continue et ininterrompue.<\/p>\n<p>Il est interdit \u00e0 L&rsquo;UTILISATEUR tout type d&rsquo;action sur notre portail pouvant provoquer une surcharge excessive du fonctionnement de nos syst\u00e8mes informatiques, ainsi que l&rsquo;introduction de virus, ou l&rsquo;installation de robots, ou de logiciels qui alt\u00e8re le fonctionnement normal de notre site Web, ou qui finalement peuvent causer des dommages \u00e0 nos syst\u00e8mes informatiques.<\/p>\n<p>L&rsquo;UTILISATEUR assume l&rsquo;enti\u00e8re responsabilit\u00e9 de l&rsquo;utilisation de notre site Web.<\/p>\n<p>L&rsquo;UTILISATEUR reconna\u00eet avoir pris connaissance de toutes les informations relatives aux conditions d&rsquo;utilisation de notre portail, et reconna\u00eet qu&rsquo;elles sont suffisantes pour exclure les erreurs qu&rsquo;elles pourraient contenir, et les accepte donc int\u00e9gralement et express\u00e9ment.<\/p>\n<p><strong>FORMULAIRE DE CONTACT<\/strong><\/p>\n<p>PROTECTION DES DONN\u00c9ES DE L&rsquo;INFORMATION SEULEMENTDETAILS, S.L.<\/p>\n<p>&#8211; Objectif : R\u00e9pondre \u00e0 vos demandes et vous envoyer des informations commerciales sur nos produits et services, y compris par e-mail.<\/p>\n<p>&#8211; L\u00e9gitimation : Consentement de l&rsquo;int\u00e9ress\u00e9.<\/p>\n<p>&#8211; Destinataires : Aucun transfert de donn\u00e9es n&rsquo;est envisag\u00e9.<\/p>\n<p>&#8211; Droits : Vous pouvez \u00e0 tout moment retirer votre consentement, ainsi qu&rsquo;acc\u00e9der, rectifier, supprimer vos donn\u00e9es et autres droits sur info@eazybbq.com<\/p>\n<p>\u2610 J&rsquo;accepte de recevoir des informations commerciales, y compris par e-mail.<\/p>\n<p>\u2610 J&rsquo;ai lu et j&rsquo;accepte la Politique de confidentialit\u00e9.<\/p>\n<\/div><\/section><\/div>\n","protected":false},"excerpt":{"rendered":"","protected":false},"author":1,"featured_media":0,"parent":0,"menu_order":0,"comment_status":"closed","ping_status":"closed","template":"","meta":{"footnotes":""},"class_list":["post-458","page","type-page","status-publish","hentry"],"_links":{"self":[{"href":"https:\/\/www.eazybbq.com\/fr\/wp-json\/wp\/v2\/pages\/458","targetHints":{"allow":["GET"]}}],"collection":[{"href":"https:\/\/www.eazybbq.com\/fr\/wp-json\/wp\/v2\/pages"}],"about":[{"href":"https:\/\/www.eazybbq.com\/fr\/wp-json\/wp\/v2\/types\/page"}],"author":[{"embeddable":true,"href":"https:\/\/www.eazybbq.com\/fr\/wp-json\/wp\/v2\/users\/1"}],"replies":[{"embeddable":true,"href":"https:\/\/www.eazybbq.com\/fr\/wp-json\/wp\/v2\/comments?post=458"}],"version-history":[{"count":0,"href":"https:\/\/www.eazybbq.com\/fr\/wp-json\/wp\/v2\/pages\/458\/revisions"}],"wp:attachment":[{"href":"https:\/\/www.eazybbq.com\/fr\/wp-json\/wp\/v2\/media?parent=458"}],"curies":[{"name":"wp","href":"https:\/\/api.w.org\/{rel}","templated":true}]}}