{"id":462,"date":"2019-04-11T10:29:34","date_gmt":"2019-04-11T08:29:34","guid":{"rendered":"http:\/\/www.eazybbq.com\/aviso-cookies\/"},"modified":"2019-11-06T12:28:49","modified_gmt":"2019-11-06T11:28:49","slug":"cookies","status":"publish","type":"page","link":"https:\/\/www.eazybbq.com\/fr\/cookies\/","title":{"rendered":"Cookies"},"content":{"rendered":"<div id='cookieta'  class='avia-section av-jv6n8rs5-85bf31c09f793458d25fca55637fdc1b main_color avia-section-default avia-no-border-styling  avia-builder-el-0  avia-builder-el-no-sibling  avia-bg-style-scroll container_wrap sidebar_right'  ><div class='container av-section-cont-open' ><main  role=\"main\" itemprop=\"mainContentOfPage\"  class='template-page content  av-content-small alpha units'><div class='post-entry post-entry-type-page post-entry-462'><div class='entry-content-wrapper clearfix'>\n\n<style type=\"text\/css\" data-created_by=\"avia_inline_auto\" id=\"style-css-av-u5aw-ac56ee52c26ea025458e35aa5d9f6f33\">\n.flex_column.av-u5aw-ac56ee52c26ea025458e35aa5d9f6f33{\nborder-radius:0px 0px 0px 0px;\npadding:0px 0px 0px 0px;\n}\n<\/style>\n<div  class='flex_column av-u5aw-ac56ee52c26ea025458e35aa5d9f6f33 av_one_full  avia-builder-el-1  avia-builder-el-no-sibling  first flex_column_div av-zero-column-padding  '     ><section  class='av_textblock_section av-jv6n83a1-a0d0ed864b1f93bbabcad90eb2d88e3c '   itemscope=\"itemscope\" itemtype=\"https:\/\/schema.org\/CreativeWork\" ><div class='avia_textblock'  itemprop=\"text\" ><p><strong>\u00a0<\/strong><strong>Avis sur les t\u00e9moins (cookies)<\/strong><\/p>\n<p><strong>\u00a0<\/strong>Ce site Web stocke et enregistre vos propres informations et celles de tiers (cookies) sur votre ordinateur.<\/p>\n<p>Nous enregistrons automatiquement les cookies, tels que l&rsquo;adresse IP de l&rsquo;utilisateur. Tous les ordinateurs connect\u00e9s \u00e0 Internet se voient attribuer un num\u00e9ro unique appel\u00e9 adresse IP (Internet Protocol). \u00c9tant donn\u00e9 que ces num\u00e9ros sont g\u00e9n\u00e9ralement attribu\u00e9s \u00e0 des blocs par pays, une adresse IP pourrait \u00eatre utilis\u00e9e pour identifier le pays \u00e0 partir duquel un ordinateur est connect\u00e9 \u00e0 Internet.<\/p>\n<p>Ces informations sont obtenues avec des \u00ab\u00a0Cookies\u00a0\u00bb.<\/p>\n<p><strong>\u00a0<\/strong><strong>Utilisation de cookies par ce site Web<\/strong><\/p>\n<p>Les fournisseurs de services obtiennent des donn\u00e9es relatives aux utilisateurs qui peuvent \u00eatre utilis\u00e9es ult\u00e9rieurement pour la fourniture de services sp\u00e9cifiques, \u00e0 des fins publicitaires ou comme base pour le d\u00e9veloppement d&rsquo;am\u00e9liorations ou de nouveaux produits et services, parfois gratuits.<\/p>\n<p>Les cookies sont tout type de fichier ou d&rsquo;appareil t\u00e9l\u00e9charg\u00e9 sur l&rsquo;\u00e9quipement de l\u2019utilisateur dans le but de stocker des donn\u00e9es qui peuvent \u00eatre mises \u00e0 jour et r\u00e9cup\u00e9r\u00e9es par l&rsquo;entit\u00e9 responsable de son installation.<\/p>\n<p>Ce site Web utilise des cookies pour am\u00e9liorer la navigation, collecter des informations anonymes sur les visites en utilisant Google Analytics et int\u00e9grer le contenu d&rsquo;autres services tels que YouTube, Facebook, etc.<\/p>\n<p><strong>Propres Cookies<\/strong><\/p>\n<p>Ceux qui sont envoy\u00e9es \u00e0 l&rsquo;ordinateur de l&rsquo;utilisateur \u00e0 partir d&rsquo;un ordinateur ou d&rsquo;un domaine g\u00e9r\u00e9 par l&rsquo;\u00e9diteur et \u00e0 partir duquel le service demand\u00e9 par l&rsquo;utilisateur est fourni.<\/p>\n<p><strong>Cookies d&rsquo;analyse<\/strong><\/p>\n<p>Il s&rsquo;agit de ceux qui permettent \u00e0 leur responsable de surveiller et d&rsquo;analyser le comportement des utilisateurs des sites auxquels ils sont li\u00e9s. Les informations recueillies par ce type de cookie sont utilis\u00e9es pour mesurer l&rsquo;activit\u00e9 des sites Web, applications ou plates-formes et pour cr\u00e9er des profils de navigation des utilisateurs de ces sites, applications et plates-formes, dans le but d&rsquo;apporter des am\u00e9liorations bas\u00e9es sur l&rsquo;analyse des donn\u00e9es utilis\u00e9es par les utilisateurs du service. Ce site Web utilise le service Google Analytics pour compiler des statistiques anonymes sur l&rsquo;utilisation du site.<\/p>\n<p><strong>Cookies de tiers<\/strong><\/p>\n<p>Il s&rsquo;agit de ceux qui sont envoy\u00e9s \u00e0 l&rsquo;ordinateur de l&rsquo;utilisateur \u00e0 partir d&rsquo;un ordinateur ou d&rsquo;un domaine qui n&rsquo;est pas g\u00e9r\u00e9 par l&rsquo;\u00e9diteur, mais par une autre entit\u00e9 qui traite les donn\u00e9es obtenues par les cookies.\u00a0 Par exemple, l&rsquo;int\u00e9gration de contenu provenant d&rsquo;autres services Web tels que Youtube, Vimeo, Twitter, Facebook et autres.<\/p>\n<p>Chacun de ces services utilise ses propres cookies.<\/p>\n<p><strong>Cookies publicitaires<\/strong><\/p>\n<p>Ils sont utilis\u00e9s pour vous montrer les annonces les plus pertinentes pour vous et vos int\u00e9r\u00eats. Ils sont \u00e9galement utilis\u00e9s pour limiter le nombre de fois que vous voyez une annonce, ainsi que pour aider \u00e0 mesurer l&rsquo;efficacit\u00e9 d&rsquo;une campagne publicitaire. Ils se souviennent si vous avez visit\u00e9 un site Web ou non, et ces informations sont partag\u00e9es avec d&rsquo;autres organisations, comme les annonceurs. Les cookies publicitaires seront souvent li\u00e9s \u00e0 la fonctionnalit\u00e9 d&rsquo;un site d&rsquo;autres organisations.<\/p>\n<p><strong>Type de cookies utilis\u00e9s sur ce site Web<\/strong><strong>\u00a0<\/strong><\/p>\n<p><strong>\u00a0<\/strong><\/p>\n<table width=\"1001\">\n<tbody>\n<tr>\n<td width=\"157\"><strong>Nom<\/strong><\/td>\n<td width=\"108\"><strong>Origine<\/strong><\/td>\n<td width=\"89\"><strong>Expiration<\/strong><\/td>\n<td width=\"568\"><strong>Objet<\/strong><\/td>\n<td width=\"79\"><strong>Propre ou Tierces Parties<\/strong><\/td>\n<\/tr>\n<tr>\n<td width=\"157\">PHPSESSID<\/td>\n<td width=\"108\">eazybbq.com<\/td>\n<td width=\"89\">Session<\/td>\n<td width=\"568\">Ce cookie est utilis\u00e9 par le langage de cryptage PHP pour permettre le stockage des variables SESSION sur le serveur web. Ce cookie est indispensable au bon fonctionnement du site.<\/td>\n<td width=\"79\">Propre<\/td>\n<\/tr>\n<tr>\n<td width=\"157\">cookie_notice_accepted<\/td>\n<td width=\"108\">eazybbq.com<\/td>\n<td width=\"89\">48h<\/td>\n<td width=\"568\">Acceptation de l&rsquo;avertissement cookie.<\/td>\n<td width=\"79\">Propre<\/td>\n<\/tr>\n<tr>\n<td width=\"157\">_icl_current_language<\/td>\n<td width=\"108\">eazybbq.com<\/td>\n<td width=\"89\">24h<\/td>\n<td width=\"568\">Il sert \u00e0 d\u00e9terminer si le visiteur a d\u00e9j\u00e0 choisi sa langue pr\u00e9f\u00e9r\u00e9e et ainsi afficher le contenu dans sa langue pr\u00e9f\u00e9r\u00e9e.<\/td>\n<td width=\"79\">Propre<\/td>\n<\/tr>\n<tr>\n<td width=\"157\">wpca_ok<\/td>\n<td width=\"108\">eazybbq.com<\/td>\n<td width=\"89\"><\/td>\n<td width=\"568\">Il contr\u00f4le l&rsquo;acceptation de la politique des cookies par l&rsquo;utilisateur.<\/td>\n<td width=\"79\"><\/td>\n<\/tr>\n<tr>\n<td width=\"157\">wpml_referer_url<\/td>\n<td width=\"108\">eazybbq.com<\/td>\n<td width=\"89\">Session<\/td>\n<td width=\"568\">Il sert \u00e0 d\u00e9terminer si le visiteur a d\u00e9j\u00e0 choisi sa langue de pr\u00e9f\u00e9rence et ainsi afficher le contenu dans sa langue pr\u00e9f\u00e9r\u00e9e.<\/td>\n<td width=\"79\">Propre<\/td>\n<\/tr>\n<\/tbody>\n<\/table>\n<p>\/\/\/\/\/\/\/\/\/\/\/\/\/\/\/\/\/\/<\/p>\n<p>Afin d&rsquo;\u00e9tablir des statistiques sur l&rsquo;utilisation de ce site Web, nous utilisons des cookies afin de conna\u00eetre le niveau de r\u00e9currence de nos visiteurs et les contenus les plus int\u00e9ressants. De cette fa\u00e7on, nous pouvons concentrer nos efforts sur l&rsquo;am\u00e9lioration des zones les plus visit\u00e9es et permettre \u00e0 l&rsquo;utilisateur de trouver plus facilement ce qu&rsquo;il recherche. Dans ce site web, les informations de votre visite peuvent \u00eatre utilis\u00e9es pour effectuer des \u00e9valuations et des calculs statistiques sur des donn\u00e9es anonymes, ainsi que pour garantir la continuit\u00e9 du service ou pour effectuer des am\u00e9liorations sur vos sites web. Pour plus de d\u00e9tails, veuillez consulter le lien suivant pour la politique de confidentialit\u00e9 <a href=\"https:\/\/www.google.com\/intl\/es\/policies\/privacy\/\" target=\"_blank\" rel=\"noopener\">https:\/\/www.google.com\/intl\/es\/policies\/privacy\/<\/a><\/p>\n<table width=\"1001\">\n<tbody>\n<tr>\n<td width=\"157\"><strong>Nom<\/strong><\/td>\n<td width=\"108\"><strong>Origine<\/strong><\/td>\n<td width=\"89\"><strong>Expiration<\/strong><\/td>\n<td width=\"568\"><strong>Objet<\/strong><\/td>\n<td width=\"79\"><strong>Propre ou Tierces Parties<\/strong><\/td>\n<\/tr>\n<tr>\n<td width=\"157\">_ga<\/td>\n<td width=\"108\">Google Analytics<\/td>\n<td width=\"89\">2 ans<\/td>\n<td width=\"568\">\u00a0Utilis\u00e9 pour distinguer les utilisateurs.<\/td>\n<td width=\"79\">Tierces Parties<\/td>\n<\/tr>\n<tr>\n<td width=\"157\">_gat<\/td>\n<td width=\"108\">Google Analytics<\/td>\n<td width=\"89\">1 minute<\/td>\n<td width=\"568\">Utilis\u00e9 pour limiter le pourcentage de demandes.<\/td>\n<td width=\"79\"><\/td>\n<\/tr>\n<tr>\n<td width=\"157\">_gat_gtag_UA_(property-id)<\/td>\n<td width=\"108\">Google Analytics<\/td>\n<td width=\"89\">1 minute<\/td>\n<td width=\"568\">Utilis\u00e9 pour limiter le pourcentage de demandes.<\/td>\n<td width=\"79\">Tierces Parties<\/td>\n<\/tr>\n<tr>\n<td width=\"157\">_gid<\/td>\n<td width=\"108\">Google Analytics<\/td>\n<td width=\"89\">24 heures<\/td>\n<td width=\"568\">It is used to distinguish users.<\/td>\n<td width=\"79\">Tierces Parties<\/td>\n<\/tr>\n<\/tbody>\n<\/table>\n<p>\/\/\/\/\/\/\/\/\/\/\/\/\/\/\/\/\/\/<\/p>\n<p>Lorsque vous cr\u00e9ez ou vous connectez \u00e0 un compte Google, des cookies NID, HSID, APISID, SID, SSID, SAPISID sont stock\u00e9s sur votre ordinateur afin de rester connect\u00e9 \u00e0 votre compte Google lorsque vous visitez de nouveau vos services. Tant que vous restez connect\u00e9 et que vous utilisez des extensions sur d&rsquo;autres sites Web tels que le n\u00f4tre, Google utilisera ces cookies pour am\u00e9liorer votre exp\u00e9rience utilisateur.<\/p>\n<table width=\"1001\">\n<tbody>\n<tr>\n<td width=\"157\"><strong>Nom<\/strong><\/td>\n<td width=\"108\"><strong>Origine<\/strong><\/td>\n<td width=\"89\"><strong>Expiration<\/strong><\/td>\n<td width=\"568\"><strong>Objet<\/strong><\/td>\n<td width=\"79\"><strong>Propre ou Tierces Parties<\/strong><\/td>\n<\/tr>\n<tr>\n<td width=\"157\">1P_JAR<\/td>\n<td width=\"108\">Google.com<\/td>\n<td width=\"89\">1 mois<\/td>\n<td width=\"568\">Google Cookie. Ces cookies sont utilis\u00e9s pour compiler des statistiques sur le site Web et suivre les taux de conversion.<\/td>\n<td width=\"79\">Tierces Parties<\/td>\n<\/tr>\n<tr>\n<td width=\"157\">APISID<\/td>\n<td width=\"108\">Google.com, youtube.com<\/td>\n<td width=\"89\">2 ans<\/td>\n<td width=\"568\"><\/td>\n<td width=\"79\">Tierces Parties<\/td>\n<\/tr>\n<tr>\n<td width=\"157\">CONSENT<\/td>\n<td width=\"108\">Google.com, youtube.com<\/td>\n<td width=\"89\">20 ans<\/td>\n<td width=\"568\"><\/td>\n<td width=\"79\">Tierces Parties<\/td>\n<\/tr>\n<tr>\n<td width=\"157\">HSID<\/td>\n<td width=\"108\">Google.com, youtube.com<\/td>\n<td width=\"89\">2 ans<\/td>\n<td width=\"568\"><\/td>\n<td width=\"79\">Tierces Parties<\/td>\n<\/tr>\n<tr>\n<td width=\"157\">NID<\/td>\n<td width=\"108\">Google.com<\/td>\n<td width=\"89\">6 mois<\/td>\n<td width=\"568\"><\/td>\n<td width=\"79\">Tierces Parties<\/td>\n<\/tr>\n<tr>\n<td width=\"157\">SAPISID<\/td>\n<td width=\"108\">Google.com, youtube.com<\/td>\n<td width=\"89\">24 heures<\/td>\n<td width=\"568\"><\/td>\n<td width=\"79\">Tierces Parties<\/td>\n<\/tr>\n<tr>\n<td width=\"157\">SID<\/td>\n<td width=\"108\">Google.com, youtube.com<\/td>\n<td width=\"89\">24 heures<\/td>\n<td width=\"568\"><\/td>\n<td width=\"79\">Tierces Parties<\/td>\n<\/tr>\n<tr>\n<td width=\"157\">SIDCC<\/td>\n<td width=\"108\">Google.com<\/td>\n<td width=\"89\">2 mois<\/td>\n<td width=\"568\"><\/td>\n<td width=\"79\">Tierces Parties<\/td>\n<\/tr>\n<tr>\n<td width=\"157\">SSID<\/td>\n<td width=\"108\">Google.com, youtube.com<\/td>\n<td width=\"89\"><\/td>\n<td width=\"568\"><\/td>\n<td width=\"79\">Tierces Parties<\/td>\n<\/tr>\n<tr>\n<td width=\"157\">LOGIN_INFO<\/td>\n<td width=\"108\">youtube.com<\/td>\n<td width=\"89\">2 ans<\/td>\n<td width=\"568\"><\/td>\n<td width=\"79\">Tierces Parties<\/td>\n<\/tr>\n<tr>\n<td width=\"157\">VISITOR_INFO1_LIVE<\/td>\n<td width=\"108\">youtube.com<\/td>\n<td width=\"89\">Neuf mois.<\/td>\n<td width=\"568\">Cookie qui facilite la fonctionnalit\u00e9 de partage des vid\u00e9os youtube incluses dans notre site web.<\/td>\n<td width=\"79\">Tierces Parties<\/td>\n<\/tr>\n<tr>\n<td width=\"157\">PREF<\/td>\n<td width=\"108\">youtube.com<\/td>\n<td width=\"89\">9 months.<\/td>\n<td width=\"568\">Cookie qui g\u00e8re les pr\u00e9f\u00e9rences de l&rsquo;utilisateur et facilite la pr\u00e9sentation du contenu associ\u00e9 sur Youtube.<\/td>\n<td width=\"79\">Tierces Parties<\/td>\n<\/tr>\n<tr>\n<td width=\"157\">YSC<\/td>\n<td width=\"108\">youtube.com<\/td>\n<td width=\"89\">Session<\/td>\n<td width=\"568\">Il contient un identifiant unique pour permettre le contr\u00f4le des visites des vid\u00e9os YouTube.<\/td>\n<td width=\"79\">Tierces Parties<\/td>\n<\/tr>\n<tr>\n<td width=\"157\">remote_sid<\/td>\n<td width=\"108\">youtube.com<\/td>\n<td width=\"89\">Session<\/td>\n<td width=\"568\">Technical Cookie for YouTube video service<\/td>\n<td width=\"79\"><\/td>\n<\/tr>\n<\/tbody>\n<\/table>\n<p>\/\/\/\/\/\/\/\/\/\/\/\/\/\/\/\/\/\/<\/p>\n<p>Cookies publicitaires Google utilis\u00e9s pour le suivi des utilisateurs et le ciblage publicitaire. Si vous ne voulez pas que les publicit\u00e9s qui semblent \u00eatre coordonn\u00e9es sur vos appareils, vous pouvez d\u00e9sactiver l&rsquo;option Personnaliser les publicit\u00e9s via l&rsquo;outil <a href=\"https:\/\/adssettings.google.com\/\" target=\"_blank\" rel=\"noopener\">https:\/\/adssettings.google.com\/<\/a><\/p>\n<table width=\"1001\">\n<tbody>\n<tr>\n<td width=\"157\"><strong>Nom<\/strong><\/td>\n<td width=\"108\"><strong>Origine<\/strong><\/td>\n<td width=\"89\"><strong>Expiration<\/strong><\/td>\n<td width=\"568\"><strong>Objet<\/strong><\/td>\n<td width=\"79\"><strong>Propre ou Tierces Parties<\/strong><\/td>\n<\/tr>\n<tr>\n<td width=\"157\">DSID<\/td>\n<td width=\"108\">.doubleclick.net<\/td>\n<td width=\"89\">1 hour<\/td>\n<td width=\"568\">Google Advertising Cookie<\/td>\n<td width=\"79\">Tierces Parties<\/td>\n<\/tr>\n<tr>\n<td width=\"157\">IDE<\/td>\n<td width=\"108\">.doubleclick.net<\/td>\n<td width=\"89\">25 days<\/td>\n<td width=\"568\">Google Advertising Cookie<\/td>\n<td width=\"79\">Tierces Parties<\/td>\n<\/tr>\n<\/tbody>\n<\/table>\n<p><strong>Comment d\u00e9sactiver les cookies<\/strong><\/p>\n<p>Pour limiter ou bloquer les cookies stock\u00e9s sur votre ordinateur, vous pouvez le faire en modifiant les options de votre navigateur. Les instructions pour les navigateurs les plus courants se trouvent ici :<\/p>\n<ul>\n<li>Chrome: <a href=\"https:\/\/support.google.com\/chrome\/answer\/95647?hl=es\" target=\"_blank\" rel=\"noopener\">https:\/\/support.google.com\/chrome\/answer\/95647?hl=es<\/a><\/li>\n<li>Internet Explorer: <a href=\"https:\/\/support.microsoft.com\/es-es\/help\/278835\/how-to-delete-cookie-files-in-internet-explorer\" target=\"_blank\" rel=\"noopener\">https:\/\/support.microsoft.com\/es-es\/help\/278835\/how-to-delete-cookie-files-in-internet-explorer<\/a><\/li>\n<li>Firefox: <a href=\"https:\/\/support.mozilla.org\/es\/kb\/habilitar-y-deshabilitar-cookies-sitios-web-rastrear-preferencias\" target=\"_blank\" rel=\"noopener\">https:\/\/support.mozilla.org\/es\/kb\/habilitar-y-deshabilitar-cookies-sitios-web-rastrear-preferencias<\/a><\/li>\n<li>Safari: <a href=\"https:\/\/support.apple.com\/kb\/PH21411\" target=\"_blank\" rel=\"noopener\">https:\/\/support.apple.com\/kb\/PH21411<\/a><\/li>\n<li>Opera: <a href=\"https:\/\/help.opera.com\/opera\/Windows\/2393\/en\/controlPages.html#manageCookies\" target=\"_blank\" rel=\"noopener\">https:\/\/help.opera.com\/opera\/Windows\/2393\/en\/controlPages.html#manageCookies<\/a><\/li>\n<\/ul>\n<p>Pour les autres navigateurs ou appareils, vous avez la possibilit\u00e9 de consulter les options ou l&rsquo;aide fournies par chaque application.<\/p>\n<p><strong>Remarques suppl\u00e9mentaires<\/strong><\/p>\n<p>Ce site Web n&rsquo;est pas responsable du contenu ou de la v\u00e9racit\u00e9 des politiques qui peuvent avoir des tiers mentionn\u00e9s dans ces cookies, ni de l&rsquo;utilisation des cookies par ces tiers. Par cons\u00e9quent, toute r\u00e9clamation relative \u00e0 l&rsquo;utilisation de cookies par des tiers doit \u00eatre faite directement aux tiers avec lesquels elle doit communiquer.<\/p>\n<p>Les navigateurs Web sont les outils responsables de l&rsquo;enregistrement des cookies et \u00e0 partir de l\u00e0, vous devez exercer votre droit de les supprimer ou de les d\u00e9sactiver. Ce site ne peut garantir la gestion correcte ou incorrecte des cookies par les navigateurs pr\u00e9cit\u00e9s.<\/p>\n<\/div><\/section><\/div><\/div><\/div><\/main><!-- close content main element --><\/div><\/div><div id='after_section_1'  class='main_color av_default_container_wrap container_wrap sidebar_right'  ><div class='container av-section-cont-open' ><div class='template-page content  av-content-small alpha units'><div class='post-entry post-entry-type-page post-entry-462'><div class='entry-content-wrapper clearfix'>\n","protected":false},"excerpt":{"rendered":"","protected":false},"author":1,"featured_media":0,"parent":0,"menu_order":0,"comment_status":"closed","ping_status":"closed","template":"","meta":{"footnotes":""},"class_list":["post-462","page","type-page","status-publish","hentry"],"_links":{"self":[{"href":"https:\/\/www.eazybbq.com\/fr\/wp-json\/wp\/v2\/pages\/462","targetHints":{"allow":["GET"]}}],"collection":[{"href":"https:\/\/www.eazybbq.com\/fr\/wp-json\/wp\/v2\/pages"}],"about":[{"href":"https:\/\/www.eazybbq.com\/fr\/wp-json\/wp\/v2\/types\/page"}],"author":[{"embeddable":true,"href":"https:\/\/www.eazybbq.com\/fr\/wp-json\/wp\/v2\/users\/1"}],"replies":[{"embeddable":true,"href":"https:\/\/www.eazybbq.com\/fr\/wp-json\/wp\/v2\/comments?post=462"}],"version-history":[{"count":0,"href":"https:\/\/www.eazybbq.com\/fr\/wp-json\/wp\/v2\/pages\/462\/revisions"}],"wp:attachment":[{"href":"https:\/\/www.eazybbq.com\/fr\/wp-json\/wp\/v2\/media?parent=462"}],"curies":[{"name":"wp","href":"https:\/\/api.w.org\/{rel}","templated":true}]}}