{"id":467,"date":"2019-04-11T11:03:07","date_gmt":"2019-04-11T09:03:07","guid":{"rendered":"http:\/\/www.eazybbq.com\/sobre-eazybbq\/"},"modified":"2022-01-11T13:56:57","modified_gmt":"2022-01-11T12:56:57","slug":"a-propos-deazybbq","status":"publish","type":"page","link":"https:\/\/www.eazybbq.com\/fr\/a-propos-deazybbq\/","title":{"rendered":"\u00c0 PROPOS D&rsquo;EAZYBBQ"},"content":{"rendered":"<div id='av_section_1'  class='avia-section av-3pf7-ace172cbad55b1834a88c1e17c3188b6 main_color avia-section-default avia-no-border-styling  avia-builder-el-0  el_before_av_one_full  avia-builder-el-first  avia-bg-style-scroll container_wrap sidebar_right'  ><div class='container av-section-cont-open' ><main  role=\"main\" itemprop=\"mainContentOfPage\"  class='template-page content  av-content-small alpha units'><div class='post-entry post-entry-type-page post-entry-467'><div class='entry-content-wrapper clearfix'>\n\n<style type=\"text\/css\" data-created_by=\"avia_inline_auto\" id=\"style-css-av-5mbd2-f61fa5aec8fcbdf5c82321f3bd61eb8c\">\n.flex_column.av-5mbd2-f61fa5aec8fcbdf5c82321f3bd61eb8c{\nborder-radius:0px 0px 0px 0px;\npadding:0px 0px 0px 0px;\n}\n<\/style>\n<div  class='flex_column av-5mbd2-f61fa5aec8fcbdf5c82321f3bd61eb8c av_one_full  avia-builder-el-1  avia-builder-el-no-sibling  first flex_column_div av-zero-column-padding  '     ><section  class='av_textblock_section av-jucrmyt5-b90885268ddf0911b418bfd8b677e392 '   itemscope=\"itemscope\" itemtype=\"https:\/\/schema.org\/CreativeWork\" ><div class='avia_textblock'  itemprop=\"text\" ><h1 style=\"text-align: center;\">\u00c0 PROPOS D&rsquo;EAZYBBQ<\/h1>\n<\/div><\/section><\/div>\n<\/div><\/div><\/main><!-- close content main element --><\/div><\/div><div id='after_section_1'  class='main_color av_default_container_wrap container_wrap sidebar_right'  ><div class='container av-section-cont-open' ><div class='template-page content  av-content-small alpha units'><div class='post-entry post-entry-type-page post-entry-467'><div class='entry-content-wrapper clearfix'>\n\n<style type=\"text\/css\" data-created_by=\"avia_inline_auto\" id=\"style-css-av-1qmg9-311d8f88c169b809571aa88b00b0fcde\">\n.flex_column.av-1qmg9-311d8f88c169b809571aa88b00b0fcde{\nborder-radius:0px 0px 0px 0px;\npadding:50px 0px 0px 0px;\n}\n<\/style>\n<div  class='flex_column av-1qmg9-311d8f88c169b809571aa88b00b0fcde av_one_full  avia-builder-el-3  el_after_av_section  el_before_av_hr  avia-builder-el-first  first flex_column_div  '     ><style type=\"text\/css\" data-created_by=\"avia_inline_auto\" id=\"style-css-av-rq1p-21a6d80fa0867377612ec7c0f4efdbab\">\n#top .av_textblock_section.av-rq1p-21a6d80fa0867377612ec7c0f4efdbab .avia_textblock{\ncolor:#c3512f;\n}\n<\/style>\n<section  class='av_textblock_section av-rq1p-21a6d80fa0867377612ec7c0f4efdbab '   itemscope=\"itemscope\" itemtype=\"https:\/\/schema.org\/CreativeWork\" ><div class='avia_textblock av_inherit_color'  itemprop=\"text\" ><h2 style=\"text-align: center;\">CHARBON DE BOIS 100% NATUREL, \u00c9COLOGIQUE, PROPRE, FACILE \u00c0 UTILISER.<\/h2>\n<\/div><\/section><br \/>\n<section  class='av_textblock_section av-rq1p-835b60e109b6f2c8e34d7a42c1d6eee1 '   itemscope=\"itemscope\" itemtype=\"https:\/\/schema.org\/CreativeWork\" ><div class='avia_textblock'  itemprop=\"text\" ><h3 style=\"text-align: center;\">Une forme r\u00e9volutionnaire, propre, facile \u00e0 utiliser et 100% \u00e9cologique pour faire votre barbecue. Il suffit d&rsquo;allumer la bo\u00eete et c&rsquo;est fini !<\/h3>\n<\/div><\/section><\/p><\/div>\n\n<style type=\"text\/css\" data-created_by=\"avia_inline_auto\" id=\"style-css-av-jui9opph-e44a05f23a9e941f01594f2165b170d0\">\n#top .hr.hr-invisible.av-jui9opph-e44a05f23a9e941f01594f2165b170d0{\nheight:100px;\n}\n<\/style>\n<div  class='hr av-jui9opph-e44a05f23a9e941f01594f2165b170d0 hr-invisible  avia-builder-el-6  el_after_av_one_full  el_before_av_one_third '><span class='hr-inner '><span class=\"hr-inner-style\"><\/span><\/span><\/div>\n<div class='flex_column_table av-uou5-814b4eb1c53d823503a701510aa8c21b sc-av_one_third av-equal-height-column-flextable'>\n<style type=\"text\/css\" data-created_by=\"avia_inline_auto\" id=\"style-css-av-uou5-814b4eb1c53d823503a701510aa8c21b\">\n@keyframes av_boxShadowEffect_av-uou5-814b4eb1c53d823503a701510aa8c21b-row {\n0%   { box-shadow:  0 0 0 0 ; opacity: 1; }\n100% { box-shadow:  0 0 10px 0 ; opacity: 1; }\n}\n.flex_column.av-uou5-814b4eb1c53d823503a701510aa8c21b{\nborder-width:10px;\nborder-color:rgba(61,61,61,0.54);\nborder-style:solid;\nborder-radius:10px 10px 10px 10px;\npadding:50px 20px 50px 20px;\n}\n<\/style>\n<div  class='flex_column av-uou5-814b4eb1c53d823503a701510aa8c21b av_one_third  avia-builder-el-7  el_after_av_hr  el_before_av_one_third  first flex_column_table_cell av-equal-height-column av-align-top  '     ><p>\n<style type=\"text\/css\" data-created_by=\"avia_inline_auto\" id=\"style-css-av-jui5l4g0-7d9d29de4aed6399ce6ac0f29b542363\">\n.av_font_icon.av-jui5l4g0-7d9d29de4aed6399ce6ac0f29b542363 .av-icon-char{\nfont-size:40px;\nline-height:40px;\n}\n<\/style>\n<span  class='av_font_icon av-jui5l4g0-7d9d29de4aed6399ce6ac0f29b542363 avia_animate_when_visible av-icon-style- avia-icon-pos-center avia-iconfont avia-font-entypo-fontello av-no-color avia-icon-animate'><span class='av-icon-char' data-av_icon='\ue868' data-av_iconfont='entypo-fontello' aria-hidden=\"true\" ><\/span><\/span><br \/>\n\n<style type=\"text\/css\" data-created_by=\"avia_inline_auto\" id=\"style-css-av-jui9dssn-47be2ca11eba8ecd1b21f5e80e0de1b8\">\n#top .hr.hr-invisible.av-jui9dssn-47be2ca11eba8ecd1b21f5e80e0de1b8{\nheight:20px;\n}\n<\/style>\n<div  class='hr av-jui9dssn-47be2ca11eba8ecd1b21f5e80e0de1b8 hr-invisible  avia-builder-el-9  el_after_av_font_icon  el_before_av_textblock '><span class='hr-inner '><span class=\"hr-inner-style\"><\/span><\/span><\/div><br \/>\n\n<style type=\"text\/css\" data-created_by=\"avia_inline_auto\" id=\"style-css-av-jui5kxjf-680d80ead8854ea353410782796dae97\">\n#top .av_textblock_section.av-jui5kxjf-680d80ead8854ea353410782796dae97 .avia_textblock{\ncolor:#c3512f;\n}\n<\/style>\n<section  class='av_textblock_section av-jui5kxjf-680d80ead8854ea353410782796dae97 '   itemscope=\"itemscope\" itemtype=\"https:\/\/schema.org\/CreativeWork\" ><div class='avia_textblock av_inherit_color'  itemprop=\"text\" ><h3 style=\"text-align: center;\">AUCUN PRODUIT CHIMIQUE<\/h3>\n<\/div><\/section><br \/>\n<section  class='av_textblock_section av-jui5kxjf-790904fe99fc356bb85d1d69d18d2b4f '   itemscope=\"itemscope\" itemtype=\"https:\/\/schema.org\/CreativeWork\" ><div class='avia_textblock'  itemprop=\"text\" ><p style=\"text-align: center;\">Pas besoin d&rsquo;allume-feux<\/p>\n<\/div><\/section><\/p><\/div>\n<div class='av-flex-placeholder'><\/div>\n<style type=\"text\/css\" data-created_by=\"avia_inline_auto\" id=\"style-css-av-uou5-81e0713299c626ee1cce986070f91478\">\n@keyframes av_boxShadowEffect_av-uou5-81e0713299c626ee1cce986070f91478-row {\n0%   { box-shadow:  0 0 0 0 ; opacity: 1; }\n100% { box-shadow:  0 0 10px 0 ; opacity: 1; }\n}\n.flex_column.av-uou5-81e0713299c626ee1cce986070f91478{\nborder-width:10px;\nborder-color:rgba(61,61,61,0.54);\nborder-style:solid;\nborder-radius:10px 10px 10px 10px;\npadding:50px 20px 50px 20px;\n}\n<\/style>\n<div  class='flex_column av-uou5-81e0713299c626ee1cce986070f91478 av_one_third  avia-builder-el-12  el_after_av_one_third  el_before_av_one_third  flex_column_table_cell av-equal-height-column av-align-top  '     ><p>\n<style type=\"text\/css\" data-created_by=\"avia_inline_auto\" id=\"style-css-av-jui5l4g0-34c5dc658b65ba6382819207196bc57b\">\n.av_font_icon.av-jui5l4g0-34c5dc658b65ba6382819207196bc57b .av-icon-char{\nfont-size:40px;\nline-height:40px;\n}\n<\/style>\n<span  class='av_font_icon av-jui5l4g0-34c5dc658b65ba6382819207196bc57b avia_animate_when_visible av-icon-style- avia-icon-pos-center avia-iconfont avia-font-entypo-fontello av-no-color avia-icon-animate'><span class='av-icon-char' data-av_icon='\ue866' data-av_iconfont='entypo-fontello' aria-hidden=\"true\" ><\/span><\/span><br \/>\n\n<style type=\"text\/css\" data-created_by=\"avia_inline_auto\" id=\"style-css-av-jui9dssn-47be2ca11eba8ecd1b21f5e80e0de1b8\">\n#top .hr.hr-invisible.av-jui9dssn-47be2ca11eba8ecd1b21f5e80e0de1b8{\nheight:20px;\n}\n<\/style>\n<div  class='hr av-jui9dssn-47be2ca11eba8ecd1b21f5e80e0de1b8 hr-invisible  avia-builder-el-14  el_after_av_font_icon  el_before_av_textblock '><span class='hr-inner '><span class=\"hr-inner-style\"><\/span><\/span><\/div><br \/>\n\n<style type=\"text\/css\" data-created_by=\"avia_inline_auto\" id=\"style-css-av-jui5kxjf-680d80ead8854ea353410782796dae97\">\n#top .av_textblock_section.av-jui5kxjf-680d80ead8854ea353410782796dae97 .avia_textblock{\ncolor:#c3512f;\n}\n<\/style>\n<section  class='av_textblock_section av-jui5kxjf-680d80ead8854ea353410782796dae97 '   itemscope=\"itemscope\" itemtype=\"https:\/\/schema.org\/CreativeWork\" ><div class='avia_textblock av_inherit_color'  itemprop=\"text\" ><h3 style=\"text-align: center;\">PROPRE<\/h3>\n<\/div><\/section><br \/>\n<section  class='av_textblock_section av-jui5kxjf-790904fe99fc356bb85d1d69d18d2b4f '   itemscope=\"itemscope\" itemtype=\"https:\/\/schema.org\/CreativeWork\" ><div class='avia_textblock'  itemprop=\"text\" ><p style=\"text-align: center;\">Il peut \u00eatre stock\u00e9 n&rsquo;importe o\u00f9.<\/p>\n<\/div><\/section><\/p><\/div>\n<div class='av-flex-placeholder'><\/div>\n<style type=\"text\/css\" data-created_by=\"avia_inline_auto\" id=\"style-css-av-uou5-81e0713299c626ee1cce986070f91478\">\n@keyframes av_boxShadowEffect_av-uou5-81e0713299c626ee1cce986070f91478-row {\n0%   { box-shadow:  0 0 0 0 ; opacity: 1; }\n100% { box-shadow:  0 0 10px 0 ; opacity: 1; }\n}\n.flex_column.av-uou5-81e0713299c626ee1cce986070f91478{\nborder-width:10px;\nborder-color:rgba(61,61,61,0.54);\nborder-style:solid;\nborder-radius:10px 10px 10px 10px;\npadding:50px 20px 50px 20px;\n}\n<\/style>\n<div  class='flex_column av-uou5-81e0713299c626ee1cce986070f91478 av_one_third  avia-builder-el-17  el_after_av_one_third  el_before_av_hr  flex_column_table_cell av-equal-height-column av-align-top  '     ><p>\n<style type=\"text\/css\" data-created_by=\"avia_inline_auto\" id=\"style-css-av-jui5l4g0-a880891d38cedbb11fc13f00afcf1573\">\n.av_font_icon.av-jui5l4g0-a880891d38cedbb11fc13f00afcf1573 .av-icon-char{\nfont-size:40px;\nline-height:40px;\n}\n<\/style>\n<span  class='av_font_icon av-jui5l4g0-a880891d38cedbb11fc13f00afcf1573 avia_animate_when_visible av-icon-style- avia-icon-pos-center avia-iconfont avia-font-entypo-fontello av-no-color avia-icon-animate'><span class='av-icon-char' data-av_icon='\ue8aa' data-av_iconfont='entypo-fontello' aria-hidden=\"true\" ><\/span><\/span><br \/>\n\n<style type=\"text\/css\" data-created_by=\"avia_inline_auto\" id=\"style-css-av-jui9dssn-47be2ca11eba8ecd1b21f5e80e0de1b8\">\n#top .hr.hr-invisible.av-jui9dssn-47be2ca11eba8ecd1b21f5e80e0de1b8{\nheight:20px;\n}\n<\/style>\n<div  class='hr av-jui9dssn-47be2ca11eba8ecd1b21f5e80e0de1b8 hr-invisible  avia-builder-el-19  el_after_av_font_icon  el_before_av_textblock '><span class='hr-inner '><span class=\"hr-inner-style\"><\/span><\/span><\/div><br \/>\n\n<style type=\"text\/css\" data-created_by=\"avia_inline_auto\" id=\"style-css-av-jui5kxjf-680d80ead8854ea353410782796dae97\">\n#top .av_textblock_section.av-jui5kxjf-680d80ead8854ea353410782796dae97 .avia_textblock{\ncolor:#c3512f;\n}\n<\/style>\n<section  class='av_textblock_section av-jui5kxjf-680d80ead8854ea353410782796dae97 '   itemscope=\"itemscope\" itemtype=\"https:\/\/schema.org\/CreativeWork\" ><div class='avia_textblock av_inherit_color'  itemprop=\"text\" ><h3 style=\"text-align: center;\">LONGUE DUR\u00c9E<\/h3>\n<\/div><\/section><br \/>\n<section  class='av_textblock_section av-jui5kxjf-790904fe99fc356bb85d1d69d18d2b4f '   itemscope=\"itemscope\" itemtype=\"https:\/\/schema.org\/CreativeWork\" ><div class='avia_textblock'  itemprop=\"text\" ><p style=\"text-align: center;\">Pouvoir calorifique \u00e9lev\u00e9.<\/p>\n<\/div><\/section><\/p><\/div><\/div><!--close column table wrapper. Autoclose: 1 -->\n\n<style type=\"text\/css\" data-created_by=\"avia_inline_auto\" id=\"style-css-av-jui9opph-51678cc7d03bb8dcc352144edbb39be3\">\n#top .hr.hr-invisible.av-jui9opph-51678cc7d03bb8dcc352144edbb39be3{\nheight:50px;\n}\n<\/style>\n<div  class='hr av-jui9opph-51678cc7d03bb8dcc352144edbb39be3 hr-invisible  avia-builder-el-22  el_after_av_one_third  el_before_av_one_third '><span class='hr-inner '><span class=\"hr-inner-style\"><\/span><\/span><\/div>\n<div class='flex_column_table av-uou5-814b4eb1c53d823503a701510aa8c21b sc-av_one_third av-equal-height-column-flextable'>\n<style type=\"text\/css\" data-created_by=\"avia_inline_auto\" id=\"style-css-av-uou5-814b4eb1c53d823503a701510aa8c21b\">\n@keyframes av_boxShadowEffect_av-uou5-814b4eb1c53d823503a701510aa8c21b-row {\n0%   { box-shadow:  0 0 0 0 ; opacity: 1; }\n100% { box-shadow:  0 0 10px 0 ; opacity: 1; }\n}\n.flex_column.av-uou5-814b4eb1c53d823503a701510aa8c21b{\nborder-width:10px;\nborder-color:rgba(61,61,61,0.54);\nborder-style:solid;\nborder-radius:10px 10px 10px 10px;\npadding:50px 20px 50px 20px;\n}\n<\/style>\n<div  class='flex_column av-uou5-814b4eb1c53d823503a701510aa8c21b av_one_third  avia-builder-el-23  el_after_av_hr  el_before_av_one_third  first flex_column_table_cell av-equal-height-column av-align-top  '     ><p>\n<style type=\"text\/css\" data-created_by=\"avia_inline_auto\" id=\"style-css-av-jui5l4g0-bc0adf5590c41a618bc030ad8834709d\">\n.av_font_icon.av-jui5l4g0-bc0adf5590c41a618bc030ad8834709d .av-icon-char{\nfont-size:40px;\nline-height:40px;\n}\n<\/style>\n<span  class='av_font_icon av-jui5l4g0-bc0adf5590c41a618bc030ad8834709d avia_animate_when_visible av-icon-style- avia-icon-pos-center avia-iconfont avia-font-entypo-fontello av-no-color avia-icon-animate'><span class='av-icon-char' data-av_icon='\ue8b8' data-av_iconfont='entypo-fontello' aria-hidden=\"true\" ><\/span><\/span><br \/>\n\n<style type=\"text\/css\" data-created_by=\"avia_inline_auto\" id=\"style-css-av-jui9dssn-47be2ca11eba8ecd1b21f5e80e0de1b8\">\n#top .hr.hr-invisible.av-jui9dssn-47be2ca11eba8ecd1b21f5e80e0de1b8{\nheight:20px;\n}\n<\/style>\n<div  class='hr av-jui9dssn-47be2ca11eba8ecd1b21f5e80e0de1b8 hr-invisible  avia-builder-el-25  el_after_av_font_icon  el_before_av_textblock '><span class='hr-inner '><span class=\"hr-inner-style\"><\/span><\/span><\/div><br \/>\n\n<style type=\"text\/css\" data-created_by=\"avia_inline_auto\" id=\"style-css-av-jui5kxjf-680d80ead8854ea353410782796dae97\">\n#top .av_textblock_section.av-jui5kxjf-680d80ead8854ea353410782796dae97 .avia_textblock{\ncolor:#c3512f;\n}\n<\/style>\n<section  class='av_textblock_section av-jui5kxjf-680d80ead8854ea353410782796dae97 '   itemscope=\"itemscope\" itemtype=\"https:\/\/schema.org\/CreativeWork\" ><div class='avia_textblock av_inherit_color'  itemprop=\"text\" ><h3 style=\"text-align: center;\">CHARBON DE BOIS NATUREL<\/h3>\n<\/div><\/section><br \/>\n<section  class='av_textblock_section av-jui5kxjf-790904fe99fc356bb85d1d69d18d2b4f '   itemscope=\"itemscope\" itemtype=\"https:\/\/schema.org\/CreativeWork\" ><div class='avia_textblock'  itemprop=\"text\" ><p style=\"text-align: center;\">Pr\u00e9serve et am\u00e9liore la saveur des aliments.<\/p>\n<\/div><\/section><\/p><\/div>\n<div class='av-flex-placeholder'><\/div>\n<style type=\"text\/css\" data-created_by=\"avia_inline_auto\" id=\"style-css-av-uou5-81e0713299c626ee1cce986070f91478\">\n@keyframes av_boxShadowEffect_av-uou5-81e0713299c626ee1cce986070f91478-row {\n0%   { box-shadow:  0 0 0 0 ; opacity: 1; }\n100% { box-shadow:  0 0 10px 0 ; opacity: 1; }\n}\n.flex_column.av-uou5-81e0713299c626ee1cce986070f91478{\nborder-width:10px;\nborder-color:rgba(61,61,61,0.54);\nborder-style:solid;\nborder-radius:10px 10px 10px 10px;\npadding:50px 20px 50px 20px;\n}\n<\/style>\n<div  class='flex_column av-uou5-81e0713299c626ee1cce986070f91478 av_one_third  avia-builder-el-28  el_after_av_one_third  el_before_av_one_third  flex_column_table_cell av-equal-height-column av-align-top  '     ><p>\n<style type=\"text\/css\" data-created_by=\"avia_inline_auto\" id=\"style-css-av-jui5l4g0-70dc12c4798f4fe8bc9bdf72c2c6cf5e\">\n.av_font_icon.av-jui5l4g0-70dc12c4798f4fe8bc9bdf72c2c6cf5e .av-icon-char{\nfont-size:40px;\nline-height:40px;\n}\n<\/style>\n<span  class='av_font_icon av-jui5l4g0-70dc12c4798f4fe8bc9bdf72c2c6cf5e avia_animate_when_visible av-icon-style- avia-icon-pos-center avia-iconfont avia-font-entypo-fontello av-no-color avia-icon-animate'><span class='av-icon-char' data-av_icon='\ue82b' data-av_iconfont='entypo-fontello' aria-hidden=\"true\" ><\/span><\/span><br \/>\n\n<style type=\"text\/css\" data-created_by=\"avia_inline_auto\" id=\"style-css-av-jui9dssn-47be2ca11eba8ecd1b21f5e80e0de1b8\">\n#top .hr.hr-invisible.av-jui9dssn-47be2ca11eba8ecd1b21f5e80e0de1b8{\nheight:20px;\n}\n<\/style>\n<div  class='hr av-jui9dssn-47be2ca11eba8ecd1b21f5e80e0de1b8 hr-invisible  avia-builder-el-30  el_after_av_font_icon  el_before_av_textblock '><span class='hr-inner '><span class=\"hr-inner-style\"><\/span><\/span><\/div><br \/>\n\n<style type=\"text\/css\" data-created_by=\"avia_inline_auto\" id=\"style-css-av-jui5kxjf-680d80ead8854ea353410782796dae97\">\n#top .av_textblock_section.av-jui5kxjf-680d80ead8854ea353410782796dae97 .avia_textblock{\ncolor:#c3512f;\n}\n<\/style>\n<section  class='av_textblock_section av-jui5kxjf-680d80ead8854ea353410782796dae97 '   itemscope=\"itemscope\" itemtype=\"https:\/\/schema.org\/CreativeWork\" ><div class='avia_textblock av_inherit_color'  itemprop=\"text\" ><h3 style=\"text-align: center;\">FACILE<\/h3>\n<\/div><\/section><br \/>\n<section  class='av_textblock_section av-jui5kxjf-790904fe99fc356bb85d1d69d18d2b4f '   itemscope=\"itemscope\" itemtype=\"https:\/\/schema.org\/CreativeWork\" ><div class='avia_textblock'  itemprop=\"text\" ><p style=\"text-align: center;\">Tr\u00e8s facile \u00e0 allumer, \u00e0 transporter et \u00e0 stocker.<\/p>\n<\/div><\/section><\/p><\/div>\n<div class='av-flex-placeholder'><\/div>\n<style type=\"text\/css\" data-created_by=\"avia_inline_auto\" id=\"style-css-av-uou5-81e0713299c626ee1cce986070f91478\">\n@keyframes av_boxShadowEffect_av-uou5-81e0713299c626ee1cce986070f91478-row {\n0%   { box-shadow:  0 0 0 0 ; opacity: 1; }\n100% { box-shadow:  0 0 10px 0 ; opacity: 1; }\n}\n.flex_column.av-uou5-81e0713299c626ee1cce986070f91478{\nborder-width:10px;\nborder-color:rgba(61,61,61,0.54);\nborder-style:solid;\nborder-radius:10px 10px 10px 10px;\npadding:50px 20px 50px 20px;\n}\n<\/style>\n<div  class='flex_column av-uou5-81e0713299c626ee1cce986070f91478 av_one_third  avia-builder-el-33  el_after_av_one_third  el_before_av_hr  flex_column_table_cell av-equal-height-column av-align-top  '     ><p>\n<style type=\"text\/css\" data-created_by=\"avia_inline_auto\" id=\"style-css-av-jui5l4g0-94704ad71d1071f4c706b11315e841ae\">\n.av_font_icon.av-jui5l4g0-94704ad71d1071f4c706b11315e841ae .av-icon-char{\nfont-size:40px;\nline-height:40px;\n}\n<\/style>\n<span  class='av_font_icon av-jui5l4g0-94704ad71d1071f4c706b11315e841ae avia_animate_when_visible av-icon-style- avia-icon-pos-center avia-iconfont avia-font-entypo-fontello av-no-color avia-icon-animate'><span class='av-icon-char' data-av_icon='\ue864' data-av_iconfont='entypo-fontello' aria-hidden=\"true\" ><\/span><\/span><br \/>\n\n<style type=\"text\/css\" data-created_by=\"avia_inline_auto\" id=\"style-css-av-jui9dssn-47be2ca11eba8ecd1b21f5e80e0de1b8\">\n#top .hr.hr-invisible.av-jui9dssn-47be2ca11eba8ecd1b21f5e80e0de1b8{\nheight:20px;\n}\n<\/style>\n<div  class='hr av-jui9dssn-47be2ca11eba8ecd1b21f5e80e0de1b8 hr-invisible  avia-builder-el-35  el_after_av_font_icon  el_before_av_textblock '><span class='hr-inner '><span class=\"hr-inner-style\"><\/span><\/span><\/div><br \/>\n\n<style type=\"text\/css\" data-created_by=\"avia_inline_auto\" id=\"style-css-av-jui5kxjf-680d80ead8854ea353410782796dae97\">\n#top .av_textblock_section.av-jui5kxjf-680d80ead8854ea353410782796dae97 .avia_textblock{\ncolor:#c3512f;\n}\n<\/style>\n<section  class='av_textblock_section av-jui5kxjf-680d80ead8854ea353410782796dae97 '   itemscope=\"itemscope\" itemtype=\"https:\/\/schema.org\/CreativeWork\" ><div class='avia_textblock av_inherit_color'  itemprop=\"text\" ><h3 style=\"text-align: center;\">PRATIQUE<\/h3>\n<\/div><\/section><br \/>\n<section  class='av_textblock_section av-jui5kxjf-790904fe99fc356bb85d1d69d18d2b4f '   itemscope=\"itemscope\" itemtype=\"https:\/\/schema.org\/CreativeWork\" ><div class='avia_textblock'  itemprop=\"text\" ><p style=\"text-align: center;\">Parfait pour les barbecues et les grillades au charbon de bois \u00e0 l&rsquo;ext\u00e9rieur.<\/p>\n<\/div><\/section><\/p><\/div><\/div><!--close column table wrapper. Autoclose: 1 -->\n\n<style type=\"text\/css\" data-created_by=\"avia_inline_auto\" id=\"style-css-av-jui9opph-51678cc7d03bb8dcc352144edbb39be3\">\n#top .hr.hr-invisible.av-jui9opph-51678cc7d03bb8dcc352144edbb39be3{\nheight:50px;\n}\n<\/style>\n<div  class='hr av-jui9opph-51678cc7d03bb8dcc352144edbb39be3 hr-invisible  avia-builder-el-38  el_after_av_one_third  avia-builder-el-last '><span class='hr-inner '><span class=\"hr-inner-style\"><\/span><\/span><\/div>\n","protected":false},"excerpt":{"rendered":"","protected":false},"author":1,"featured_media":0,"parent":0,"menu_order":0,"comment_status":"closed","ping_status":"closed","template":"","meta":{"footnotes":""},"class_list":["post-467","page","type-page","status-publish","hentry"],"_links":{"self":[{"href":"https:\/\/www.eazybbq.com\/fr\/wp-json\/wp\/v2\/pages\/467","targetHints":{"allow":["GET"]}}],"collection":[{"href":"https:\/\/www.eazybbq.com\/fr\/wp-json\/wp\/v2\/pages"}],"about":[{"href":"https:\/\/www.eazybbq.com\/fr\/wp-json\/wp\/v2\/types\/page"}],"author":[{"embeddable":true,"href":"https:\/\/www.eazybbq.com\/fr\/wp-json\/wp\/v2\/users\/1"}],"replies":[{"embeddable":true,"href":"https:\/\/www.eazybbq.com\/fr\/wp-json\/wp\/v2\/comments?post=467"}],"version-history":[{"count":0,"href":"https:\/\/www.eazybbq.com\/fr\/wp-json\/wp\/v2\/pages\/467\/revisions"}],"wp:attachment":[{"href":"https:\/\/www.eazybbq.com\/fr\/wp-json\/wp\/v2\/media?parent=467"}],"curies":[{"name":"wp","href":"https:\/\/api.w.org\/{rel}","templated":true}]}}