{"id":475,"date":"2019-04-11T10:31:25","date_gmt":"2019-04-11T08:31:25","guid":{"rendered":"http:\/\/www.eazybbq.com\/como-funciona\/"},"modified":"2023-09-15T15:08:16","modified_gmt":"2023-09-15T13:08:16","slug":"comment-cela-fonctionne-t-il","status":"publish","type":"page","link":"https:\/\/www.eazybbq.com\/fr\/comment-cela-fonctionne-t-il\/","title":{"rendered":"Comment cela fonctionne-t-il ?"},"content":{"rendered":"<div id='av_section_1'  class='avia-section av-3pf7-ace172cbad55b1834a88c1e17c3188b6 main_color avia-section-default avia-no-border-styling  avia-builder-el-0  el_before_av_section  avia-builder-el-first  avia-bg-style-scroll container_wrap sidebar_right'  ><div class='container av-section-cont-open' ><main  role=\"main\" itemprop=\"mainContentOfPage\"  class='template-page content  av-content-small alpha units'><div class='post-entry post-entry-type-page post-entry-475'><div class='entry-content-wrapper clearfix'>\n\n<style type=\"text\/css\" data-created_by=\"avia_inline_auto\" id=\"style-css-av-5mbd2-f61fa5aec8fcbdf5c82321f3bd61eb8c\">\n.flex_column.av-5mbd2-f61fa5aec8fcbdf5c82321f3bd61eb8c{\nborder-radius:0px 0px 0px 0px;\npadding:0px 0px 0px 0px;\n}\n<\/style>\n<div  class='flex_column av-5mbd2-f61fa5aec8fcbdf5c82321f3bd61eb8c av_one_full  avia-builder-el-1  avia-builder-el-no-sibling  first flex_column_div av-zero-column-padding  '     ><section  class='av_textblock_section av-jucrmyt5-b90885268ddf0911b418bfd8b677e392 '   itemscope=\"itemscope\" itemtype=\"https:\/\/schema.org\/CreativeWork\" ><div class='avia_textblock'  itemprop=\"text\" ><h1 style=\"text-align: center;\">Comment cela fonctionne-t-il ?<\/h1>\n<\/div><\/section><\/div>\n\n<\/div><\/div><\/main><!-- close content main element --><\/div><\/div><div id='video'  class='avia-section av-jucsrr8a-31069b01bf085a8f22596c6dfc00e060 main_color avia-section-default avia-no-border-styling  avia-builder-el-3  el_after_av_section  el_before_av_section  avia-bg-style-scroll container_wrap sidebar_right'  ><div class='container av-section-cont-open' ><div class='template-page content  av-content-small alpha units'><div class='post-entry post-entry-type-page post-entry-475'><div class='entry-content-wrapper clearfix'>\n\n<style type=\"text\/css\" data-created_by=\"avia_inline_auto\" id=\"style-css-av-sumi-656f12e4c7410adc591a142e8d9bb787\">\n.flex_column.av-sumi-656f12e4c7410adc591a142e8d9bb787{\nborder-radius:0px 0px 0px 0px;\npadding:0px 0px 0px 0px;\n}\n<\/style>\n<div  class='flex_column av-sumi-656f12e4c7410adc591a142e8d9bb787 av_one_full  avia-builder-el-4  el_before_av_one_third  avia-builder-el-first  first flex_column_div av-zero-column-padding  '     ><p>\n<style type=\"text\/css\" data-created_by=\"avia_inline_auto\" id=\"style-css-av-jucsqux7-f0d006d2186d3eae9a6be36005e33834\">\n.av_font_icon.av-jucsqux7-f0d006d2186d3eae9a6be36005e33834 .av-icon-char{\nfont-size:40px;\nline-height:40px;\n}\n<\/style>\n<span  class='av_font_icon av-jucsqux7-f0d006d2186d3eae9a6be36005e33834 avia_animate_when_visible av-icon-style- avia-icon-pos-center avia-iconfont avia-font-entypo-fontello av-no-color avia-icon-animate'><span class='av-icon-char' data-av_icon='\ue80d' data-av_iconfont='entypo-fontello' aria-hidden=\"true\" ><\/span><\/span><br \/>\n\n<style type=\"text\/css\" data-created_by=\"avia_inline_auto\" id=\"style-css-av-jucsw55v-738fd92c337ebb001f5d3f2e588f70f2\">\n#top .hr.hr-invisible.av-jucsw55v-738fd92c337ebb001f5d3f2e588f70f2{\nheight:30px;\n}\n<\/style>\n<div  class='hr av-jucsw55v-738fd92c337ebb001f5d3f2e588f70f2 hr-invisible  avia-builder-el-6  el_after_av_font_icon  el_before_av_textblock '><span class='hr-inner '><span class=\"hr-inner-style\"><\/span><\/span><\/div><br \/>\n<section  class='av_textblock_section av-jucsqkoq-766dd9429b56fb42b2198055b34c6367 '   itemscope=\"itemscope\" itemtype=\"https:\/\/schema.org\/CreativeWork\" ><div class='avia_textblock'  itemprop=\"text\" ><h2 style=\"text-align: center;\">Vid\u00e9os didactiques<\/h2>\n<\/div><\/section><br \/>\n\n<style type=\"text\/css\" data-created_by=\"avia_inline_auto\" id=\"style-css-av-jucsw55v-738fd92c337ebb001f5d3f2e588f70f2\">\n#top .hr.hr-invisible.av-jucsw55v-738fd92c337ebb001f5d3f2e588f70f2{\nheight:30px;\n}\n<\/style>\n<div  class='hr av-jucsw55v-738fd92c337ebb001f5d3f2e588f70f2 hr-invisible  avia-builder-el-8  el_after_av_textblock  avia-builder-el-last '><span class='hr-inner '><span class=\"hr-inner-style\"><\/span><\/span><\/div><\/p><\/div>\n<style type=\"text\/css\" data-created_by=\"avia_inline_auto\" id=\"style-css-av-1i5w2-6b9625dbc425fc8dc8338f0e92ae9c9b\">\n.flex_column.av-1i5w2-6b9625dbc425fc8dc8338f0e92ae9c9b{\nborder-radius:0px 0px 0px 0px;\npadding:0px 0px 0px 0px;\n}\n<\/style>\n<div  class='flex_column av-1i5w2-6b9625dbc425fc8dc8338f0e92ae9c9b av_one_third  avia-builder-el-9  el_after_av_one_full  el_before_av_one_third  first flex_column_div av-zero-column-padding  column-top-margin'     ><div  class='avia-video av-jucssusa-dea93d94e7b70aed83df93185af320fc avia-video-16-9 av-no-preview-image avia-video-load-always av-lazyload-immediate av-lazyload-video-embed'  itemprop=\"video\" itemtype=\"https:\/\/schema.org\/VideoObject\"  data-original_url='https:\/\/www.youtube.com\/watch?v=Kglbr7JOILg&amp;feature=youtu.be'><script type='text\/html' class='av-video-tmpl'><div class='avia-iframe-wrap'><iframe loading=\"lazy\" width=\"1500\" height=\"844\" src=\"https:\/\/www.youtube.com\/embed\/Kglbr7JOILg?feature=oembed&autoplay=0&loop=0&controls=1&mute=0\" frameborder=\"0\" allow=\"accelerometer; autoplay; encrypted-media; gyroscope; picture-in-picture\" allowfullscreen><\/iframe><\/div><\/script><div class='av-click-to-play-overlay'><div class=\"avia_playpause_icon\"><\/div><\/div><\/div><\/div>\n<style type=\"text\/css\" data-created_by=\"avia_inline_auto\" id=\"style-css-av-1i5w2-400e278d6bdac07913e24415c55122ef\">\n.flex_column.av-1i5w2-400e278d6bdac07913e24415c55122ef{\nborder-radius:0px 0px 0px 0px;\npadding:0px 0px 0px 0px;\n}\n<\/style>\n<div  class='flex_column av-1i5w2-400e278d6bdac07913e24415c55122ef av_one_third  avia-builder-el-11  el_after_av_one_third  el_before_av_one_third  flex_column_div av-zero-column-padding  column-top-margin'     ><div  class='avia-video av-jucssusa-eb90bca9fb78da29340405ce1f3fc3a7 avia-video-16-9 av-no-preview-image avia-video-load-always av-lazyload-immediate av-lazyload-video-embed'  itemprop=\"video\" itemtype=\"https:\/\/schema.org\/VideoObject\"  data-original_url='https:\/\/www.youtube.com\/watch?v=w8J0T06356g&amp;t=22s'><script type='text\/html' class='av-video-tmpl'><div class='avia-iframe-wrap'><iframe loading=\"lazy\" title=\"EAZYBBQ BBQ DE TABLE NATUREL\" width=\"1500\" height=\"844\" src=\"https:\/\/www.youtube.com\/embed\/w8J0T06356g?start=22&feature=oembed&autoplay=0&loop=0&controls=1&mute=0\" frameborder=\"0\" allow=\"accelerometer; autoplay; clipboard-write; encrypted-media; gyroscope; picture-in-picture; web-share\" allowfullscreen><\/iframe><\/div><\/script><div class='av-click-to-play-overlay'><div class=\"avia_playpause_icon\"><\/div><\/div><\/div><\/div>\n<style type=\"text\/css\" data-created_by=\"avia_inline_auto\" id=\"style-css-av-1i5w2-400e278d6bdac07913e24415c55122ef\">\n.flex_column.av-1i5w2-400e278d6bdac07913e24415c55122ef{\nborder-radius:0px 0px 0px 0px;\npadding:0px 0px 0px 0px;\n}\n<\/style>\n<div  class='flex_column av-1i5w2-400e278d6bdac07913e24415c55122ef av_one_third  avia-builder-el-13  el_after_av_one_third  avia-builder-el-last  flex_column_div av-zero-column-padding  column-top-margin'     ><div  class='avia-video av-jucssusa-691171691e3f108b0a7cc847b5317524 avia-video-16-9 av-no-preview-image avia-video-load-always av-lazyload-immediate av-lazyload-video-embed'  itemprop=\"video\" itemtype=\"https:\/\/schema.org\/VideoObject\"  data-original_url='https:\/\/www.youtube.com\/watch?v=vVTOvAQ3ZC8&amp;t=2s'><script type='text\/html' class='av-video-tmpl'><div class='avia-iframe-wrap'><iframe loading=\"lazy\" title=\"EAZYBBQ - Reusable BBQ with Isotherm Bag\" width=\"1500\" height=\"844\" src=\"https:\/\/www.youtube.com\/embed\/vVTOvAQ3ZC8?start=2&feature=oembed&autoplay=0&loop=0&controls=1&mute=0\" frameborder=\"0\" allow=\"accelerometer; autoplay; clipboard-write; encrypted-media; gyroscope; picture-in-picture\" allowfullscreen><\/iframe><\/div><\/script><div class='av-click-to-play-overlay'><div class=\"avia_playpause_icon\"><\/div><\/div><\/div><\/div><\/div><\/div><\/div><!-- close content main div --><\/div><\/div><div id='galeria'  class='avia-section av-jucsrr8a-86de6d99e8e0bc37122f908426457653 main_color avia-section-default avia-no-border-styling  avia-builder-el-15  el_after_av_section  avia-builder-el-last  avia-bg-style-scroll container_wrap sidebar_right'  ><div class='container av-section-cont-open' ><div class='template-page content  av-content-small alpha units'><div class='post-entry post-entry-type-page post-entry-475'><div class='entry-content-wrapper clearfix'>\n\n<style type=\"text\/css\" data-created_by=\"avia_inline_auto\" id=\"style-css-av-5c3i-15e76c2fc4e1d555282de3f884a59fa9\">\n.flex_column.av-5c3i-15e76c2fc4e1d555282de3f884a59fa9{\nborder-radius:0px 0px 0px 0px;\npadding:0px 0px 0px 0px;\n}\n<\/style>\n<div  class='flex_column av-5c3i-15e76c2fc4e1d555282de3f884a59fa9 av_one_full  avia-builder-el-16  avia-builder-el-no-sibling  first flex_column_div av-zero-column-padding  '     ><p>\n<style type=\"text\/css\" data-created_by=\"avia_inline_auto\" id=\"style-css-av-jucsqux7-f76f279860ad5aeaec6b7110e989ecf1\">\n.av_font_icon.av-jucsqux7-f76f279860ad5aeaec6b7110e989ecf1 .av-icon-char{\nfont-size:40px;\nline-height:40px;\n}\n<\/style>\n<span  class='av_font_icon av-jucsqux7-f76f279860ad5aeaec6b7110e989ecf1 avia_animate_when_visible av-icon-style- avia-icon-pos-center avia-iconfont avia-font-entypo-fontello av-no-color avia-icon-animate'><span class='av-icon-char' data-av_icon='\ue80e' data-av_iconfont='entypo-fontello' aria-hidden=\"true\" ><\/span><\/span><br \/>\n\n<style type=\"text\/css\" data-created_by=\"avia_inline_auto\" id=\"style-css-av-jucsw55v-738fd92c337ebb001f5d3f2e588f70f2\">\n#top .hr.hr-invisible.av-jucsw55v-738fd92c337ebb001f5d3f2e588f70f2{\nheight:30px;\n}\n<\/style>\n<div  class='hr av-jucsw55v-738fd92c337ebb001f5d3f2e588f70f2 hr-invisible  avia-builder-el-18  el_after_av_font_icon  el_before_av_textblock '><span class='hr-inner '><span class=\"hr-inner-style\"><\/span><\/span><\/div><br \/>\n<section  class='av_textblock_section av-jucsqkoq-766dd9429b56fb42b2198055b34c6367 '   itemscope=\"itemscope\" itemtype=\"https:\/\/schema.org\/CreativeWork\" ><div class='avia_textblock'  itemprop=\"text\" ><h2 style=\"text-align: center;\">Galerie Photos<\/h2>\n<\/div><\/section><br \/>\n\n<style type=\"text\/css\" data-created_by=\"avia_inline_auto\" id=\"style-css-av-jucsw55v-738fd92c337ebb001f5d3f2e588f70f2\">\n#top .hr.hr-invisible.av-jucsw55v-738fd92c337ebb001f5d3f2e588f70f2{\nheight:30px;\n}\n<\/style>\n<div  class='hr av-jucsw55v-738fd92c337ebb001f5d3f2e588f70f2 hr-invisible  avia-builder-el-20  el_after_av_textblock  el_before_av_masonry_gallery  avia-builder-el-last '><span class='hr-inner '><span class=\"hr-inner-style\"><\/span><\/span><\/div><br \/>\n<div id='av-masonry-1' class='av-masonry av-jucsrkgj-4429fa3d2a72a3dfb9d5b9c85326233f noHover av-fixed-size av-large-gap av-hover-overlay- av-masonry-animation-active av-masonry-col-3 av-caption-always av-caption-style- av-masonry-gallery av-orientation-square ' data-post_id=\"475\"><div class=\"av-masonry-container isotope av-js-disabled\"><div class='av-masonry-entry isotope-item av-masonry-item-no-image '><\/div><a href=\"https:\/\/www.eazybbq.com\/wp-content\/uploads\/2019\/11\/ES-Retire-1-1030x708.jpg\"  aria-label=\"image Retirez le plastique.\"  id='av-masonry-1-item-1502' data-av-masonry-item='1502' class='av-masonry-entry isotope-item post-1502 attachment type-attachment status-inherit hentry  av-masonry-item-with-image' title=\"Retirez le plastique.\" alt=\"\"    itemprop=\"thumbnailUrl\" ><div class='av-inner-masonry-sizer'><\/div><figure class='av-inner-masonry main_color'><div class=\"av-masonry-outerimage-container\"><div class='av-masonry-image-container' style=\"background-image: url(https:\/\/www.eazybbq.com\/wp-content\/uploads\/2019\/11\/ES-Retire-1-705x485.jpg);\"  title=\"Retirez le plastique.\" ><\/div><\/div><figcaption class='av-inner-masonry-content site-background'><div class='av-inner-masonry-content-pos'><div class='av-inner-masonry-content-pos-content'><div class='avia-arrow'><\/div><div class='av-masonry-entry-content entry-content'  itemprop=\"text\" >Retirez le film transparent de protection.<\/div><\/div><\/div><\/figcaption><\/figure><\/a><!--end av-masonry entry--><a href=\"https:\/\/www.eazybbq.com\/wp-content\/uploads\/2019\/04\/Eazybbq-Instrucciones-B1.jpg\"  aria-label=\"image Enlevez les deux languettes rouges en haut et \u00e0 la base.\"  id='av-masonry-1-item-335' data-av-masonry-item='335' class='av-masonry-entry isotope-item post-335 attachment type-attachment status-inherit hentry  av-masonry-item-with-image' title=\"Enlevez les deux languettes rouges en haut et \u00e0 la base.\" alt=\"\"    itemprop=\"thumbnailUrl\" ><div class='av-inner-masonry-sizer'><\/div><figure class='av-inner-masonry main_color'><div class=\"av-masonry-outerimage-container\"><div class='av-masonry-image-container' style=\"background-image: url(https:\/\/www.eazybbq.com\/wp-content\/uploads\/2019\/04\/Eazybbq-Instrucciones-B1-548x705.jpg);\"  title=\"Enlevez les deux languettes rouges en haut et \u00e0 la base.\" ><\/div><\/div><figcaption class='av-inner-masonry-content site-background'><div class='av-inner-masonry-content-pos'><div class='av-inner-masonry-content-pos-content'><div class='avia-arrow'><\/div><div class='av-masonry-entry-content entry-content'  itemprop=\"text\" >Enlevez les deux languettes rouges en haut et \u00e0 la base.<\/div><\/div><\/div><\/figcaption><\/figure><\/a><!--end av-masonry entry--><a href=\"https:\/\/www.eazybbq.com\/wp-content\/uploads\/2019\/11\/Support-1-1030x708.jpg\"  aria-label=\"image Retirez les supports et placez les au fond du barbeque.\"  id='av-masonry-1-item-1505' data-av-masonry-item='1505' class='av-masonry-entry isotope-item post-1505 attachment type-attachment status-inherit hentry  av-masonry-item-with-image' title=\"Retirez les supports et placez les au fond du barbeque.\" alt=\"\"    itemprop=\"thumbnailUrl\" ><div class='av-inner-masonry-sizer'><\/div><figure class='av-inner-masonry main_color'><div class=\"av-masonry-outerimage-container\"><div class='av-masonry-image-container' style=\"background-image: url(https:\/\/www.eazybbq.com\/wp-content\/uploads\/2019\/11\/Support-1-705x485.jpg);\"  title=\"Retirez les supports et placez les au fond du barbeque.\" ><\/div><\/div><figcaption class='av-inner-masonry-content site-background'><div class='av-inner-masonry-content-pos'><div class='av-inner-masonry-content-pos-content'><div class='avia-arrow'><\/div><div class='av-masonry-entry-content entry-content'  itemprop=\"text\" >Retirez les 2 supports pr\u00e9sents dans la chemin\u00e9e centrale et placez-les au fond du barbecue.<\/div><\/div><\/div><\/figcaption><\/figure><\/a><!--end av-masonry entry--><a href=\"https:\/\/www.eazybbq.com\/wp-content\/uploads\/2019\/11\/burn-1-1030x708.jpg\"  aria-label=\"image Allumez la bo\u00eete \u00e0 la base pendant 5 secondes et placez-la sur les deux supports.\"  id='av-masonry-1-item-1496' data-av-masonry-item='1496' class='av-masonry-entry isotope-item post-1496 attachment type-attachment status-inherit hentry  av-masonry-item-with-image' title=\"Allumez la bo\u00eete \u00e0 la base pendant 5 secondes et placez-la sur les deux supports.\" alt=\"\"    itemprop=\"thumbnailUrl\" ><div class='av-inner-masonry-sizer'><\/div><figure class='av-inner-masonry main_color'><div class=\"av-masonry-outerimage-container\"><div class='av-masonry-image-container' style=\"background-image: url(https:\/\/www.eazybbq.com\/wp-content\/uploads\/2019\/11\/burn-1-705x485.jpg);\"  title=\"Allumez la bo\u00eete \u00e0 la base pendant 5 secondes et placez-la sur les deux supports.\" ><\/div><\/div><figcaption class='av-inner-masonry-content site-background'><div class='av-inner-masonry-content-pos'><div class='av-inner-masonry-content-pos-content'><div class='avia-arrow'><\/div><div class='av-masonry-entry-content entry-content'  itemprop=\"text\" >Allumez la bo\u00eete \u00e0 la base pendant 5 secondes et placez-la sur les deux supports.<\/div><\/div><\/div><\/figcaption><\/figure><\/a><!--end av-masonry entry--><a href=\"https:\/\/www.eazybbq.com\/wp-content\/uploads\/2019\/11\/Es-burning-1-1030x708.jpg\"  aria-label=\"image No touchez pas la bo\u00eete avant qu elle ne soit complement bo\u00eete.\"  id='av-masonry-1-item-1499' data-av-masonry-item='1499' class='av-masonry-entry isotope-item post-1499 attachment type-attachment status-inherit hentry  av-masonry-item-with-image' title=\"No touchez pas la bo\u00eete avant qu elle ne soit complement bo\u00eete.\" alt=\"\"    itemprop=\"thumbnailUrl\" ><div class='av-inner-masonry-sizer'><\/div><figure class='av-inner-masonry main_color'><div class=\"av-masonry-outerimage-container\"><div class='av-masonry-image-container' style=\"background-image: url(https:\/\/www.eazybbq.com\/wp-content\/uploads\/2019\/11\/Es-burning-1-705x485.jpg);\"  title=\"No touchez pas la bo\u00eete avant qu elle ne soit complement bo\u00eete.\" ><\/div><\/div><figcaption class='av-inner-masonry-content site-background'><div class='av-inner-masonry-content-pos'><div class='av-inner-masonry-content-pos-content'><div class='avia-arrow'><\/div><div class='av-masonry-entry-content entry-content'  itemprop=\"text\" >Ne touchez pas la bo\u00eete avant qu\u2019elle ne soit compl\u00e8tement br\u00fbl\u00e9e.<\/div><\/div><\/div><\/figcaption><\/figure><\/a><!--end av-masonry entry--><a href=\"https:\/\/www.eazybbq.com\/wp-content\/uploads\/2019\/04\/eazybbq_party_01.2jpg.jpg\"  aria-label=\"image Pr\u00eat \u00e0 cuire en 20 minutes environ.\"  id='av-masonry-1-item-325' data-av-masonry-item='325' class='av-masonry-entry isotope-item post-325 attachment type-attachment status-inherit hentry  av-masonry-item-with-image' title=\"Pr\u00eat \u00e0 cuire en 20 minutes environ.\" alt=\"\"    itemprop=\"thumbnailUrl\" ><div class='av-inner-masonry-sizer'><\/div><figure class='av-inner-masonry main_color'><div class=\"av-masonry-outerimage-container\"><div class='av-masonry-image-container' style=\"background-image: url(https:\/\/www.eazybbq.com\/wp-content\/uploads\/2019\/04\/eazybbq_party_01.2jpg.jpg);\"  title=\"Pr\u00eat \u00e0 cuire en 20 minutes environ.\" ><\/div><\/div><figcaption class='av-inner-masonry-content site-background'><div class='av-inner-masonry-content-pos'><div class='av-inner-masonry-content-pos-content'><div class='avia-arrow'><\/div><div class='av-masonry-entry-content entry-content'  itemprop=\"text\" >Pr\u00eat \u00e0 cuire en 20 minutes environ.<\/div><\/div><\/div><\/figcaption><\/figure><\/a><!--end av-masonry entry--><\/div><\/div><\/p><\/div>\n<\/div><\/div><\/div><!-- close content main div --><\/div><\/div><div id='after_section_3'  class='main_color av_default_container_wrap container_wrap sidebar_right'  ><div class='container av-section-cont-open' ><div class='template-page content  av-content-small alpha units'><div class='post-entry post-entry-type-page post-entry-475'><div class='entry-content-wrapper clearfix'><\/p>\n","protected":false},"excerpt":{"rendered":"","protected":false},"author":1,"featured_media":0,"parent":0,"menu_order":0,"comment_status":"closed","ping_status":"closed","template":"","meta":{"footnotes":""},"class_list":["post-475","page","type-page","status-publish","hentry"],"_links":{"self":[{"href":"https:\/\/www.eazybbq.com\/fr\/wp-json\/wp\/v2\/pages\/475","targetHints":{"allow":["GET"]}}],"collection":[{"href":"https:\/\/www.eazybbq.com\/fr\/wp-json\/wp\/v2\/pages"}],"about":[{"href":"https:\/\/www.eazybbq.com\/fr\/wp-json\/wp\/v2\/types\/page"}],"author":[{"embeddable":true,"href":"https:\/\/www.eazybbq.com\/fr\/wp-json\/wp\/v2\/users\/1"}],"replies":[{"embeddable":true,"href":"https:\/\/www.eazybbq.com\/fr\/wp-json\/wp\/v2\/comments?post=475"}],"version-history":[{"count":0,"href":"https:\/\/www.eazybbq.com\/fr\/wp-json\/wp\/v2\/pages\/475\/revisions"}],"wp:attachment":[{"href":"https:\/\/www.eazybbq.com\/fr\/wp-json\/wp\/v2\/media?parent=475"}],"curies":[{"name":"wp","href":"https:\/\/api.w.org\/{rel}","templated":true}]}}