{"id":485,"date":"2019-03-18T12:31:59","date_gmt":"2019-03-18T11:31:59","guid":{"rendered":"http:\/\/www.eazybbq.com\/gama-productos\/"},"modified":"2021-11-16T11:45:48","modified_gmt":"2021-11-16T10:45:48","slug":"gamme-de-produits","status":"publish","type":"page","link":"https:\/\/www.eazybbq.com\/fr\/gamme-de-produits\/","title":{"rendered":"Boutique"},"content":{"rendered":"<p>&nbsp;<\/p>\n<h1 style=\"text-align: center;\">GAMME DE PRODUITS<\/h1>\n<p style=\"text-align: center;\">Vous d\u00e9testez le mauvais go\u00fbt que les liquides allume-feux donnent \u00e0 vos aliments ? Vous n&rsquo;aurez jamais ce probl\u00e8me avec le syst\u00e8me d&rsquo;allumage naturel des produits EAZYBBQ !<\/p>\n<p style=\"text-align: center;\">Il suffit d&rsquo;allumer la m\u00e8che int\u00e9gr\u00e9e en bas au centre de la bo\u00eete et de laisser agir le principe de chemin\u00e9e naturelle qui permettra au charbon de bois d&rsquo;atteindre la temp\u00e9rature de cuisson en 20 minutes environ. Le CHARBON V\u00c9G\u00c9TAL NATUREL DE QUALIT\u00c9 PREMIUM conserve la chaleur de cuisson pendant des heures et donne un go\u00fbt d\u00e9licieux \u00e0 la nourriture.<\/p>\n<p style=\"text-align: center;\"><strong>Pour les commandes internationales, veuillez nous contacter via orders@eazybbq.com<\/strong><\/p>\n","protected":false},"excerpt":{"rendered":"<p>&nbsp; GAMME DE PRODUITS Vous d\u00e9testez le mauvais go\u00fbt que les liquides allume-feux donnent \u00e0 vos aliments ? Vous n&rsquo;aurez jamais ce probl\u00e8me avec le syst\u00e8me d&rsquo;allumage naturel des produits EAZYBBQ ! Il suffit d&rsquo;allumer la m\u00e8che int\u00e9gr\u00e9e en bas au centre de la bo\u00eete et de laisser agir le principe de chemin\u00e9e naturelle qui [&hellip;]<\/p>\n","protected":false},"author":1,"featured_media":0,"parent":0,"menu_order":0,"comment_status":"closed","ping_status":"closed","template":"","meta":{"footnotes":""},"class_list":["post-485","page","type-page","status-publish","hentry"],"_links":{"self":[{"href":"https:\/\/www.eazybbq.com\/fr\/wp-json\/wp\/v2\/pages\/485","targetHints":{"allow":["GET"]}}],"collection":[{"href":"https:\/\/www.eazybbq.com\/fr\/wp-json\/wp\/v2\/pages"}],"about":[{"href":"https:\/\/www.eazybbq.com\/fr\/wp-json\/wp\/v2\/types\/page"}],"author":[{"embeddable":true,"href":"https:\/\/www.eazybbq.com\/fr\/wp-json\/wp\/v2\/users\/1"}],"replies":[{"embeddable":true,"href":"https:\/\/www.eazybbq.com\/fr\/wp-json\/wp\/v2\/comments?post=485"}],"version-history":[{"count":0,"href":"https:\/\/www.eazybbq.com\/fr\/wp-json\/wp\/v2\/pages\/485\/revisions"}],"wp:attachment":[{"href":"https:\/\/www.eazybbq.com\/fr\/wp-json\/wp\/v2\/media?parent=485"}],"curies":[{"name":"wp","href":"https:\/\/api.w.org\/{rel}","templated":true}]}}