{"id":491,"date":"2019-03-20T13:53:19","date_gmt":"2019-03-20T12:53:19","guid":{"rendered":"http:\/\/www.eazybbq.com\/contacto\/"},"modified":"2022-02-09T10:06:10","modified_gmt":"2022-02-09T09:06:10","slug":"contact","status":"publish","type":"page","link":"https:\/\/www.eazybbq.com\/fr\/contact\/","title":{"rendered":"Contact"},"content":{"rendered":"<div id='av_section_1'  class='avia-section av-6ivcq-b09a027f7a466da209b937b6fb1fb96b main_color avia-section-default avia-no-border-styling  avia-builder-el-0  el_before_av_section  avia-builder-el-first  avia-bg-style-scroll container_wrap sidebar_right'  ><div class='container av-section-cont-open' ><main  role=\"main\" itemprop=\"mainContentOfPage\"  class='template-page content  av-content-small alpha units'><div class='post-entry post-entry-type-page post-entry-491'><div class='entry-content-wrapper clearfix'>\n\n<style type=\"text\/css\" data-created_by=\"avia_inline_auto\" id=\"style-css-av-5mbd2-f61fa5aec8fcbdf5c82321f3bd61eb8c\">\n.flex_column.av-5mbd2-f61fa5aec8fcbdf5c82321f3bd61eb8c{\nborder-radius:0px 0px 0px 0px;\npadding:0px 0px 0px 0px;\n}\n<\/style>\n<div  class='flex_column av-5mbd2-f61fa5aec8fcbdf5c82321f3bd61eb8c av_one_full  avia-builder-el-1  avia-builder-el-no-sibling  first flex_column_div av-zero-column-padding  '     ><section  class='av_textblock_section av-jucrmyt5-b90885268ddf0911b418bfd8b677e392 '   itemscope=\"itemscope\" itemtype=\"https:\/\/schema.org\/CreativeWork\" ><div class='avia_textblock'  itemprop=\"text\" ><h1 style=\"text-align: center;\">Contact<\/h1>\n<\/div><\/section><\/div>\n\n<\/div><\/div><\/main><!-- close content main element --><\/div><\/div><div id='contform'  class='avia-section av-k42x5nc1-7bbaf232c078b4d9c8ce325479c0789c main_color avia-section-default avia-no-border-styling  avia-builder-el-3  el_after_av_section  avia-builder-el-last  avia-bg-style-scroll container_wrap sidebar_right'  ><div class='container av-section-cont-open' ><div class='template-page content  av-content-small alpha units'><div class='post-entry post-entry-type-page post-entry-491'><div class='entry-content-wrapper clearfix'>\n\n<style type=\"text\/css\" data-created_by=\"avia_inline_auto\" id=\"style-css-av-53mlm-f3d2d8ab4456b86e93475b5764b9a37c\">\n.flex_column.av-53mlm-f3d2d8ab4456b86e93475b5764b9a37c{\nborder-radius:0px 0px 0px 0px;\npadding:0px 0px 0px 0px;\n}\n<\/style>\n<div  class='flex_column av-53mlm-f3d2d8ab4456b86e93475b5764b9a37c av_one_half  avia-builder-el-4  el_before_av_one_half  avia-builder-el-first  first flex_column_div av-zero-column-padding  '     ><p><div  class='avia-icon-list-container av-jucrrlgd-1e6d7eec4f8beeae266b4d96dcc860bf  avia-builder-el-5  el_before_av_hr  avia-builder-el-first '><ul class='avia-icon-list avia_animate_when_almost_visible avia-icon-list-left av-iconlist-small av-jucrrlgd-1e6d7eec4f8beeae266b4d96dcc860bf avia-iconlist-animate'>\n<li><div class='iconlist_icon av-av_iconlist_item-64f23671b3db65683bf24770151c794c avia-font-entypo-fontello avia-iconfont avia-font-entypo-fontello'><span class='av-icon-char' data-av_icon='\ue842' data-av_iconfont='entypo-fontello' aria-hidden=\"true\"><\/span><\/div><article class=\"article-icon-entry \"  itemscope=\"itemscope\" itemtype=\"https:\/\/schema.org\/CreativeWork\" ><div class=\"iconlist_content_wrap\"><header class=\"entry-content-header\" aria-label=\"Ic\u00f4ne : ADRESSE\"><div class='av_iconlist_title iconlist_title_small  '  itemprop=\"headline\" >ADRESSE<\/div><\/header><div class='iconlist_content '  itemprop=\"text\" ><p>152 avenue Jean Jaures<br \/>\n33600 Pessac<br \/>\nFrance<\/p>\n<\/div><\/div><footer class=\"entry-footer\"><\/footer><\/article><div class=\"iconlist-timeline\"><\/div><\/li>\n<\/ul><\/div><br \/>\n\n<style type=\"text\/css\" data-created_by=\"avia_inline_auto\" id=\"style-css-av-jucrsmgj-cdc9bc7b5cc8bc31da1a67287af1624e\">\n#top .hr.av-jucrsmgj-cdc9bc7b5cc8bc31da1a67287af1624e{\nmargin-bottom:30px;\n}\n.hr.av-jucrsmgj-cdc9bc7b5cc8bc31da1a67287af1624e .hr-inner{\nwidth:100px;\nborder-color:#848484;\n}\n<\/style>\n<div  class='hr av-jucrsmgj-cdc9bc7b5cc8bc31da1a67287af1624e hr-custom  avia-builder-el-6  el_after_av_iconlist  el_before_av_iconlist  hr-left hr-icon-no'><span class='hr-inner inner-border-av-border-thin'><span class=\"hr-inner-style\"><\/span><\/span><\/div><br \/>\n<div  class='avia-icon-list-container av-jucrrlgd-1e6d7eec4f8beeae266b4d96dcc860bf  avia-builder-el-7  el_after_av_hr  el_before_av_hr '><ul class='avia-icon-list avia_animate_when_almost_visible avia-icon-list-left av-iconlist-small av-jucrrlgd-1e6d7eec4f8beeae266b4d96dcc860bf avia-iconlist-animate'>\n<li><div class='iconlist_icon av-av_iconlist_item-3d1f5f19f4c4b8c32be11b28b26fb707 avia-font-entypo-fontello avia-iconfont avia-font-entypo-fontello'><span class='av-icon-char' data-av_icon='\ue854' data-av_iconfont='entypo-fontello' aria-hidden=\"true\"><\/span><\/div><article class=\"article-icon-entry \"  itemscope=\"itemscope\" itemtype=\"https:\/\/schema.org\/CreativeWork\" ><div class=\"iconlist_content_wrap\"><header class=\"entry-content-header\" aria-label=\"Ic\u00f4ne : T\u00c9L\u00c9PHONE\"><div class='av_iconlist_title iconlist_title_small  '  itemprop=\"headline\" >T\u00c9L\u00c9PHONE<\/div><\/header><div class='iconlist_content '  itemprop=\"text\" ><p>T. +33 (0)9 87 78 24 88<\/p>\n<\/div><\/div><footer class=\"entry-footer\"><\/footer><\/article><div class=\"iconlist-timeline\"><\/div><\/li>\n<\/ul><\/div><br \/>\n\n<style type=\"text\/css\" data-created_by=\"avia_inline_auto\" id=\"style-css-av-jucrsmgj-cdc9bc7b5cc8bc31da1a67287af1624e\">\n#top .hr.av-jucrsmgj-cdc9bc7b5cc8bc31da1a67287af1624e{\nmargin-bottom:30px;\n}\n.hr.av-jucrsmgj-cdc9bc7b5cc8bc31da1a67287af1624e .hr-inner{\nwidth:100px;\nborder-color:#848484;\n}\n<\/style>\n<div  class='hr av-jucrsmgj-cdc9bc7b5cc8bc31da1a67287af1624e hr-custom  avia-builder-el-8  el_after_av_iconlist  el_before_av_iconlist  hr-left hr-icon-no'><span class='hr-inner inner-border-av-border-thin'><span class=\"hr-inner-style\"><\/span><\/span><\/div><br \/>\n<div  class='avia-icon-list-container av-jucrrlgd-1e6d7eec4f8beeae266b4d96dcc860bf  avia-builder-el-9  el_after_av_hr  avia-builder-el-last '><ul class='avia-icon-list avia_animate_when_almost_visible avia-icon-list-left av-iconlist-small av-jucrrlgd-1e6d7eec4f8beeae266b4d96dcc860bf avia-iconlist-animate'>\n<li><div class='iconlist_icon av-av_iconlist_item-c6be3a40c7cf0d13a529d99b02a61850 avia-font-entypo-fontello avia-iconfont avia-font-entypo-fontello'><span class='av-icon-char' data-av_icon='\ue805' data-av_iconfont='entypo-fontello' aria-hidden=\"true\"><\/span><\/div><article class=\"article-icon-entry \"  itemscope=\"itemscope\" itemtype=\"https:\/\/schema.org\/CreativeWork\" ><div class=\"iconlist_content_wrap\"><header class=\"entry-content-header\" aria-label=\"Ic\u00f4ne : COURRIER \u00c9LECTRONIQUE\"><div class='av_iconlist_title iconlist_title_small  '  itemprop=\"headline\" >COURRIER \u00c9LECTRONIQUE<\/div><\/header><div class='iconlist_content '  itemprop=\"text\" ><p><a href=\"mailto:contactfr@eazybbq.com\">contactfr@eazybbq.com<\/a><\/p>\n<\/div><\/div><footer class=\"entry-footer\"><\/footer><\/article><div class=\"iconlist-timeline\"><\/div><\/li>\n<\/ul><\/div><\/p><\/div>\n<style type=\"text\/css\" data-created_by=\"avia_inline_auto\" id=\"style-css-av-3v9ly-4645f9ae5e4e8c6f654d7c75734ccf19\">\n.flex_column.av-3v9ly-4645f9ae5e4e8c6f654d7c75734ccf19{\nborder-radius:0px 0px 0px 0px;\npadding:0px 0px 0px 0px;\n}\n<\/style>\n<div  class='flex_column av-3v9ly-4645f9ae5e4e8c6f654d7c75734ccf19 av_one_half  avia-builder-el-10  el_after_av_one_half  avia-builder-el-last  flex_column_div av-zero-column-padding  '     ><form action=\"https:\/\/www.eazybbq.com\/fr\/contact\/\" method=\"post\" data-fields-with-error=\"Erreurs trouv\u00e9es dans les champs suivants :\" class=\"avia_ajax_form av-form-labels-visible   avia-builder-el-11  avia-builder-el-no-sibling   \" data-avia-form-id=\"1\" data-avia-redirect='' ><h3 class=''>Contacter l\u2019\u00e9quipe<\/h3><fieldset><p class='  first_form  form_element form_fullwidth' id='element_avia_1_1'><label for=\"avia_1_1\">Nom <abbr class=\"required\" title=\"requis(e)\">*<\/abbr><\/label> <input name=\"avia_1_1\" class=\"text_input is_empty\" type=\"text\" id=\"avia_1_1\" value=\"\" \/><\/p><p class='  first_form  form_element form_fullwidth' id='element_avia_2_1'><label for=\"avia_2_1\">Adresse email <abbr class=\"required\" title=\"requis(e)\">*<\/abbr><\/label> <input name=\"avia_2_1\" class=\"text_input is_email\" type=\"text\" id=\"avia_2_1\" value=\"\" \/><\/p><p class='  first_form  form_element form_fullwidth' id='element_avia_3_1'><label for=\"avia_3_1\">Objet <abbr class=\"required\" title=\"requis(e)\">*<\/abbr><\/label> <input name=\"avia_3_1\" class=\"text_input is_empty\" type=\"text\" id=\"avia_3_1\" value=\"\" \/><\/p><p class='  first_form  form_element form_fullwidth' id='element_avia_4_1'><label for=\"avia_4_1\" class=\"textare_label hidden textare_label_avia_4_1\">Message <abbr class=\"required\" title=\"requis(e)\">*<\/abbr><\/label><textarea  name=\"avia_4_1\" class=\"text_area is_empty\" cols=\"40\" rows=\"7\" id=\"avia_4_1\" ><\/textarea><\/p><p class='  first_form  form_element form_fullwidth' id='element_avia_5_1'><input  name=\"avia_5_1\" class=\"input_checkbox is_empty\" type=\"checkbox\" id=\"avia_5_1\" value=\"true\"\/><label class=\"input_checkbox_label\" for=\"avia_5_1\">J\u2018ai lu et j\u2019accepte la <a href=\"\/fr\/avis-legal\/\" target=\"_blank\" rel=\"noopener noreferrer\"> la politique de confidentialit\u00e9.<\/a> <abbr class=\"required\" title=\"requis(e)\">*<\/abbr><\/label><\/p><p class='  first_form  form_element form_fullwidth' id='element_avia_6_1'><input  name=\"avia_6_1\" class=\"input_checkbox \" type=\"checkbox\" id=\"avia_6_1\" value=\"true\"\/><label class=\"input_checkbox_label\" for=\"avia_6_1\">J\u2019accepte de recevoir des informations commerciales, y compris par e-mail.<\/label><\/p><p class=\"hidden\"><input type=\"text\" name=\"avia_7_1\" class=\"hidden \" id=\"avia_7_1\" value=\"\" \/><\/p><p class='   form_element form_fullwidth' id='element_avia_8_1'><span class='value_verifier_label'>0 + 1 = ?<\/span><input name=\"avia_8_1_verifier\" type=\"hidden\" id=\"avia_8_1_verifier\" value=\"778164863\"\/><label for=\"avia_8_1\">Merci de prouver que vous \u00eates un humain en donnant le r\u00e9sultat de cette op\u00e9ration <abbr class=\"required\" title=\"requis(e)\">*<\/abbr><\/label><input name=\"avia_8_1\" class=\"text_input captcha\" type=\"text\" id=\"avia_8_1\" value=\"\"\/><\/p><p class=\"form_element \"><input type=\"hidden\" value=\"1\" name=\"avia_generated_form1\" \/><input type=\"submit\" value=\"ENVOYER\" class=\"button\"  data-sending-label=\"Envoi\"\/><\/p><\/fieldset><\/form><div id=\"ajaxresponse_1\" class=\"ajaxresponse ajaxresponse_1 hidden\"><\/div><\/div><\/div><\/div><\/div><!-- close content main div --><\/div><\/div><div id='after_section_2'  class='main_color av_default_container_wrap container_wrap sidebar_right'  ><div class='container av-section-cont-open' ><div class='template-page content  av-content-small alpha units'><div class='post-entry post-entry-type-page post-entry-491'><div class='entry-content-wrapper clearfix'>\n","protected":false},"excerpt":{"rendered":"","protected":false},"author":1,"featured_media":0,"parent":0,"menu_order":0,"comment_status":"closed","ping_status":"closed","template":"","meta":{"footnotes":""},"class_list":["post-491","page","type-page","status-publish","hentry"],"_links":{"self":[{"href":"https:\/\/www.eazybbq.com\/fr\/wp-json\/wp\/v2\/pages\/491","targetHints":{"allow":["GET"]}}],"collection":[{"href":"https:\/\/www.eazybbq.com\/fr\/wp-json\/wp\/v2\/pages"}],"about":[{"href":"https:\/\/www.eazybbq.com\/fr\/wp-json\/wp\/v2\/types\/page"}],"author":[{"embeddable":true,"href":"https:\/\/www.eazybbq.com\/fr\/wp-json\/wp\/v2\/users\/1"}],"replies":[{"embeddable":true,"href":"https:\/\/www.eazybbq.com\/fr\/wp-json\/wp\/v2\/comments?post=491"}],"version-history":[{"count":0,"href":"https:\/\/www.eazybbq.com\/fr\/wp-json\/wp\/v2\/pages\/491\/revisions"}],"wp:attachment":[{"href":"https:\/\/www.eazybbq.com\/fr\/wp-json\/wp\/v2\/media?parent=491"}],"curies":[{"name":"wp","href":"https:\/\/api.w.org\/{rel}","templated":true}]}}