{"id":1826,"date":"2019-11-07T09:57:16","date_gmt":"2019-11-07T10:41:00","guid":{"rendered":"https:\/\/www.eazybbq.com\/producto\/eazybbq-party-2\/"},"modified":"2024-08-10T01:46:25","modified_gmt":"2024-08-09T23:46:25","slug":"eazybbq-party","status":"publish","type":"product","link":"https:\/\/www.eazybbq.com\/fr\/producto\/eazybbq-party\/","title":{"rendered":"EAZYBBQ PARTY"},"content":{"rendered":"<h4>De 8 \u00e0 16 personnes.<\/h4>\n<p>La bo\u00eete <strong>EAZYBBQ PARTY<\/strong> est con\u00e7ue pour r\u00e9aliser vos barbecues de mani\u00e8re simple et propre.<\/p>\n<p>EAZYBBQ \u00ab\u00a0PARTY\u00a0\u00bb est un produit Tout-en-Un, 100% \u00e9cologique, dont le contenu, du charbon de bois naturel de tr\u00e8s haute qualit\u00e9, respecte les saveurs et les ar\u00f4mes des aliments.<\/p>\n<p>Allumez simplement la bo\u00eete et attendez 20 minutes pour avoir des braises parfaites pour cuisiner vos meilleurs plats.<\/p>\n<p>&nbsp;<\/p>\n<p><strong>Id\u00e9al pour un barbecue de 8 \u00e0 16 personnes.<\/strong><\/p>\n<p><strong>Volume\u00a0: \u00a0 \u00a0 \u00a0 \u00a0 \u00a0 \u00a0 \u00a010,2 litres<\/strong><\/p>\n<p><strong>Dimensions\u00a0: \u00a0 \u00a0 \u00a023 x 19 x 24,5 cm (L x l x h)<\/strong><\/p>\n<p><strong>Labels\u00a0: \u00a0 \u00a0 \u00a0 \u00a0 \u00a0 \u00a0 \u00a0 \u00a0Charbon FSC et DIN+<\/strong><\/p>\n<ul>\n<li>Tout-en-un et pr\u00eat \u00e0 l&#8217;emploi, il suffit d&rsquo;allumer la bo\u00eete !<\/li>\n<li>Syst\u00e8me d&rsquo;allumage naturel brevet\u00e9 &#8211; Le barbecue est pr\u00eat en 15-20 minutes environ.<\/li>\n<li>100% Naturel &#8211; Aucun produit chimique.<\/li>\n<li>Jusqu&rsquo;\u00e0 2 heures de temps de cuisson.<\/li>\n<li>Film de protection \u00e9vitant toute salissure. Vous n\u2019avez jamais \u00e0 toucher le charbon.<\/li>\n<li>Ecologique &#8211; Produit respectueux de l&rsquo;environnement. Carton recycl\u00e9 et charbon de bois FSC de qualit\u00e9 sup\u00e9rieure.<\/li>\n<li>Design cubique &#8211; Optimisation des volumes et de l&rsquo;espace de stockage.<\/li>\n<li>Dur\u00e9e de conservation illimit\u00e9e.<\/li>\n<\/ul>\n","protected":false},"excerpt":{"rendered":"<p>De 8 \u00e0 16 personnes. La bo\u00eete EAZYBBQ PARTY est con\u00e7ue pour r\u00e9aliser vos barbecues de mani\u00e8re simple et propre. EAZYBBQ \u00ab\u00a0PARTY\u00a0\u00bb est un produit Tout-en-Un, 100% \u00e9cologique, dont le contenu, du charbon de bois naturel de tr\u00e8s haute qualit\u00e9, respecte les saveurs et les ar\u00f4mes des aliments. Allumez simplement la bo\u00eete et attendez 20 [&hellip;]<\/p>\n","protected":false},"featured_media":3743,"comment_status":"open","ping_status":"closed","template":"","meta":[],"product_brand":[],"product_cat":[38],"product_tag":[],"class_list":{"0":"post-1826","1":"product","2":"type-product","3":"status-publish","4":"has-post-thumbnail","6":"product_cat-party-fr","8":"first","9":"instock","10":"shipping-taxable","11":"purchasable","12":"product-type-simple"},"_links":{"self":[{"href":"https:\/\/www.eazybbq.com\/fr\/wp-json\/wp\/v2\/product\/1826","targetHints":{"allow":["GET"]}}],"collection":[{"href":"https:\/\/www.eazybbq.com\/fr\/wp-json\/wp\/v2\/product"}],"about":[{"href":"https:\/\/www.eazybbq.com\/fr\/wp-json\/wp\/v2\/types\/product"}],"replies":[{"embeddable":true,"href":"https:\/\/www.eazybbq.com\/fr\/wp-json\/wp\/v2\/comments?post=1826"}],"wp:featuredmedia":[{"embeddable":true,"href":"https:\/\/www.eazybbq.com\/fr\/wp-json\/wp\/v2\/media\/3743"}],"wp:attachment":[{"href":"https:\/\/www.eazybbq.com\/fr\/wp-json\/wp\/v2\/media?parent=1826"}],"wp:term":[{"taxonomy":"product_brand","embeddable":true,"href":"https:\/\/www.eazybbq.com\/fr\/wp-json\/wp\/v2\/product_brand?post=1826"},{"taxonomy":"product_cat","embeddable":true,"href":"https:\/\/www.eazybbq.com\/fr\/wp-json\/wp\/v2\/product_cat?post=1826"},{"taxonomy":"product_tag","embeddable":true,"href":"https:\/\/www.eazybbq.com\/fr\/wp-json\/wp\/v2\/product_tag?post=1826"}],"curies":[{"name":"wp","href":"https:\/\/api.w.org\/{rel}","templated":true}]}}