{"id":6984,"date":"2022-10-26T11:03:21","date_gmt":"2022-10-26T09:03:21","guid":{"rendered":"https:\/\/www.eazybbq.com\/?post_type=product&#038;p=6984"},"modified":"2022-10-26T11:12:05","modified_gmt":"2022-10-26T09:12:05","slug":"troncos-de-madera-densificada-10-unidades-proximamente","status":"publish","type":"product","link":"https:\/\/www.eazybbq.com\/fr\/producto\/troncos-de-madera-densificada-10-unidades-proximamente\/","title":{"rendered":"B\u00dbCHES DE BOIS DENSIFI\u00c9 \/ 6 B\u00fbches &#8211; Bient\u00f4t disponible !"},"content":{"rendered":"","protected":false},"excerpt":{"rendered":"<p>Les b\u00fbches de bois densifi\u00e9 sont fabriqu\u00e9es \u00e0 partir de copeaux et de sciures de bois raffin\u00e9s, s\u00e9ch\u00e9s et compact\u00e9s, sans colle ni liant. Les b\u00fbches sont utilis\u00e9es comme combustible dans les chaudi\u00e8res, les c\u00e9ramiques, les fours de boulangerie, les chemin\u00e9es et les chaudi\u00e8res domestiques.<\/p>\n<ul>\n<li>Pouvoir calorifique \u00e9lev\u00e9 17.0MJ\/kg<\/li>\n<li>Temp\u00e9rature de flamme plus \u00e9lev\u00e9e<\/li>\n<li>Coh\u00e9rence thermique<\/li>\n<li>Manipulation facile et espace de stockage r\u00e9duit<\/li>\n<li>Faible contamination<\/li>\n<li>Utilisation rationnelle des mati\u00e8res premi\u00e8res<\/li>\n<li>Les autres caract\u00e9ristiques sont similaires \u00e0 celles des pellets.<\/li>\n<\/ul>\n","protected":false},"featured_media":6980,"comment_status":"closed","ping_status":"closed","template":"","meta":[],"product_brand":[],"product_cat":[141],"product_tag":[],"class_list":{"0":"post-6984","1":"product","2":"type-product","3":"status-publish","4":"has-post-thumbnail","6":"product_cat-troncos-de-madera-fr","8":"first","9":"outofstock","10":"shipping-taxable","11":"product-type-simple"},"_links":{"self":[{"href":"https:\/\/www.eazybbq.com\/fr\/wp-json\/wp\/v2\/product\/6984","targetHints":{"allow":["GET"]}}],"collection":[{"href":"https:\/\/www.eazybbq.com\/fr\/wp-json\/wp\/v2\/product"}],"about":[{"href":"https:\/\/www.eazybbq.com\/fr\/wp-json\/wp\/v2\/types\/product"}],"replies":[{"embeddable":true,"href":"https:\/\/www.eazybbq.com\/fr\/wp-json\/wp\/v2\/comments?post=6984"}],"wp:featuredmedia":[{"embeddable":true,"href":"https:\/\/www.eazybbq.com\/fr\/wp-json\/wp\/v2\/media\/6980"}],"wp:attachment":[{"href":"https:\/\/www.eazybbq.com\/fr\/wp-json\/wp\/v2\/media?parent=6984"}],"wp:term":[{"taxonomy":"product_brand","embeddable":true,"href":"https:\/\/www.eazybbq.com\/fr\/wp-json\/wp\/v2\/product_brand?post=6984"},{"taxonomy":"product_cat","embeddable":true,"href":"https:\/\/www.eazybbq.com\/fr\/wp-json\/wp\/v2\/product_cat?post=6984"},{"taxonomy":"product_tag","embeddable":true,"href":"https:\/\/www.eazybbq.com\/fr\/wp-json\/wp\/v2\/product_tag?post=6984"}],"curies":[{"name":"wp","href":"https:\/\/api.w.org\/{rel}","templated":true}]}}