{"id":787,"date":"2019-11-07T10:03:09","date_gmt":"2019-11-07T10:57:47","guid":{"rendered":"http:\/\/www.eazybbq.com\/?post_type=product&#038;p=787"},"modified":"2023-03-24T12:48:17","modified_gmt":"2023-03-24T11:48:17","slug":"barbecue-jetable-naturel","status":"publish","type":"product","link":"https:\/\/www.eazybbq.com\/fr\/producto\/barbecue-jetable-naturel\/","title":{"rendered":"BARBECUE DE TABLE NATUREL"},"content":{"rendered":"","protected":false},"excerpt":{"rendered":"<h4>Le plaisir de cuisiner \u00e0 l\u2019ext\u00e9rieur !<\/h4>\n<p>Voici le Barbecue Naturel Jetable EAZYBBQ ! Il changera compl\u00e8tement votre fa\u00e7on de cuisiner et de vous divertir \u00e0 l\u2019ext\u00e9rieur !<\/p>\n<p>Id\u00e9al pour le plein air, les loisirs, le jardin, la plage et bien plus encore.<\/p>\n<p>Il suffit d&rsquo;allumer le barbecue avec une simple allumette et il sera pr\u00eat pour la cuisson en 15 minutes seulement.<\/p>\n<p>L\u2019ensemble comprend une grille avec pieds, une barquette en aluminium, une bo\u00eete de charbon de bois \u00e0 allumage naturel, ainsi qu\u2019une poche d\u2019eau pour \u00e9teindre les braises restantes apr\u00e8s la cuisson.<\/p>\n<p><strong>Dimensions\u00a0: \u00a0\u00a0\u00a0 30 x 25 x 16 cm (L x l x h)<\/strong><\/p>\n<p><strong>Labels\u00a0: \u00a0 \u00a0 \u00a0 \u00a0 \u00a0 \u00a0 \u00a0 Charbon FSC et DIN+<\/strong><\/p>\n<p><strong>\u00a0<\/strong><\/p>\n<ul>\n<li>&#8211; Tout-en-un et pr\u00eat \u00e0 l&#8217;emploi, il suffit d&rsquo;allumer la bo\u00eete !<\/li>\n<li>&#8211; Syst\u00e8me d&rsquo;allumage naturel brevet\u00e9 &#8211; Le barbecue est pr\u00eat en 10-15 minutes environ.<\/li>\n<li>&#8211; 100% Naturel &#8211; Aucun produit chimique.<\/li>\n<li>&#8211; Jusqu&rsquo;\u00e0 2 heures de temps de cuisson.<\/li>\n<li>&#8211; Dur\u00e9e de conservation illimit\u00e9e.<\/li>\n<\/ul>\n","protected":false},"featured_media":7109,"comment_status":"closed","ping_status":"closed","template":"","meta":[],"product_brand":[],"product_cat":[40],"product_tag":[],"class_list":{"0":"post-787","1":"product","2":"type-product","3":"status-publish","4":"has-post-thumbnail","6":"product_cat-barbecue-jetable-naturel","8":"first","9":"instock","10":"shipping-taxable","11":"purchasable","12":"product-type-simple"},"_links":{"self":[{"href":"https:\/\/www.eazybbq.com\/fr\/wp-json\/wp\/v2\/product\/787","targetHints":{"allow":["GET"]}}],"collection":[{"href":"https:\/\/www.eazybbq.com\/fr\/wp-json\/wp\/v2\/product"}],"about":[{"href":"https:\/\/www.eazybbq.com\/fr\/wp-json\/wp\/v2\/types\/product"}],"replies":[{"embeddable":true,"href":"https:\/\/www.eazybbq.com\/fr\/wp-json\/wp\/v2\/comments?post=787"}],"wp:featuredmedia":[{"embeddable":true,"href":"https:\/\/www.eazybbq.com\/fr\/wp-json\/wp\/v2\/media\/7109"}],"wp:attachment":[{"href":"https:\/\/www.eazybbq.com\/fr\/wp-json\/wp\/v2\/media?parent=787"}],"wp:term":[{"taxonomy":"product_brand","embeddable":true,"href":"https:\/\/www.eazybbq.com\/fr\/wp-json\/wp\/v2\/product_brand?post=787"},{"taxonomy":"product_cat","embeddable":true,"href":"https:\/\/www.eazybbq.com\/fr\/wp-json\/wp\/v2\/product_cat?post=787"},{"taxonomy":"product_tag","embeddable":true,"href":"https:\/\/www.eazybbq.com\/fr\/wp-json\/wp\/v2\/product_tag?post=787"}],"curies":[{"name":"wp","href":"https:\/\/api.w.org\/{rel}","templated":true}]}}